{"id":4185,"date":"2024-04-30T12:37:57","date_gmt":"2024-04-30T12:37:57","guid":{"rendered":"https:\/\/sandin.ba\/?page_id=4185"},"modified":"2024-05-15T09:35:09","modified_gmt":"2024-05-15T09:35:09","slug":"transport_1","status":"publish","type":"page","link":"https:\/\/sandin.ba\/bs\/transport_1\/","title":{"rendered":"TRANSPORT"},"content":{"rendered":"\t\t<div data-elementor-type=\"wp-page\" data-elementor-id=\"4185\" class=\"elementor elementor-4185\" data-elementor-post-type=\"page\">\n\t\t\t\t<div class=\"elementor-element elementor-element-2174e1d e-con-full e-flex e-con e-parent\" data-id=\"2174e1d\" data-element_type=\"container\" data-settings=\"{&quot;background_background&quot;:&quot;classic&quot;}\" data-core-v316-plus=\"true\">\n\t\t<div class=\"elementor-element elementor-element-a4749da e-con-full e-flex e-con e-child\" data-id=\"a4749da\" data-element_type=\"container\">\n\t\t\t\t<div class=\"elementor-element elementor-element-c24bac8 elementor-widget elementor-widget-heading\" data-id=\"c24bac8\" data-element_type=\"widget\" data-widget_type=\"heading.default\">\n\t\t\t\t<div class=\"elementor-widget-container\">\n\t\t\t<style>\/*! elementor - v3.20.0 - 10-04-2024 *\/\n.elementor-heading-title{padding:0;margin:0;line-height:1}.elementor-widget-heading .elementor-heading-title[class*=elementor-size-]>a{color:inherit;font-size:inherit;line-height:inherit}.elementor-widget-heading .elementor-heading-title.elementor-size-small{font-size:15px}.elementor-widget-heading .elementor-heading-title.elementor-size-medium{font-size:19px}.elementor-widget-heading .elementor-heading-title.elementor-size-large{font-size:29px}.elementor-widget-heading .elementor-heading-title.elementor-size-xl{font-size:39px}.elementor-widget-heading .elementor-heading-title.elementor-size-xxl{font-size:59px}<\/style><h2 class=\"elementor-heading-title elementor-size-default\">MISIJA<\/h2>\t\t<\/div>\n\t\t\t\t<\/div>\n\t\t\t\t<div class=\"elementor-element elementor-element-598fd27 elementor-widget elementor-widget-text-editor\" data-id=\"598fd27\" data-element_type=\"widget\" data-widget_type=\"text-editor.default\">\n\t\t\t\t<div class=\"elementor-widget-container\">\n\t\t\t<style>\/*! elementor - v3.20.0 - 10-04-2024 *\/\n.elementor-widget-text-editor.elementor-drop-cap-view-stacked .elementor-drop-cap{background-color:#69727d;color:#fff}.elementor-widget-text-editor.elementor-drop-cap-view-framed .elementor-drop-cap{color:#69727d;border:3px solid;background-color:transparent}.elementor-widget-text-editor:not(.elementor-drop-cap-view-default) .elementor-drop-cap{margin-top:8px}.elementor-widget-text-editor:not(.elementor-drop-cap-view-default) .elementor-drop-cap-letter{width:1em;height:1em}.elementor-widget-text-editor .elementor-drop-cap{float:left;text-align:center;line-height:1;font-size:50px}.elementor-widget-text-editor .elementor-drop-cap-letter{display:inline-block}<\/style>\t\t\t\t<p>U kompaniji, Sandin doo, posve\u0107eni smo pru\u017eanju izuzetne usluge, podsticanju odr\u017eivosti i pokretanju ekonomskog rasta isporukom robe sigurnom, efikasnom i s najve\u0107om pa\u017enjom. Na\u0161a posve\u0107enost izvrsnosti, zadovoljstvu kupaca i dru\u0161tvenoj odgovornosti vode svako putovanje na koje kre\u0107emo, \u0161to nas \u010dini pouzdanim partnerom za globalnu logistiku.&#8221;<\/p>\t\t\t\t\t\t<\/div>\n\t\t\t\t<\/div>\n\t\t\t\t<div class=\"elementor-element elementor-element-9c7bca0 elementor-widget elementor-widget-heading\" data-id=\"9c7bca0\" data-element_type=\"widget\" data-widget_type=\"heading.default\">\n\t\t\t\t<div class=\"elementor-widget-container\">\n\t\t\t<h2 class=\"elementor-heading-title elementor-size-default\">VIZIJA<\/h2>\t\t<\/div>\n\t\t\t\t<\/div>\n\t\t\t\t<div class=\"elementor-element elementor-element-28d001d elementor-widget elementor-widget-text-editor\" data-id=\"28d001d\" data-element_type=\"widget\" data-widget_type=\"text-editor.default\">\n\t\t\t\t<div class=\"elementor-widget-container\">\n\t\t\t\t\t\t\t<p>Kao lider u transportnoj industriji, na\u0161a vizija u Sandin doo je da redefiniramo budu\u0107nost logistike. Zami\u0161ljamo svijet u kojem povezanost ne poznaje granice, a trgovina bez napora te\u010de preko granica. Kultura stalnog pobolj\u0161anja i prihvatanje odr\u017eivih praksi, cilj nam je da budemo preferirani globalni logisti\u010dki partner. Na\u0161a vizija je da budemo prepoznati ne samo po efikasnosti na\u0161eg poslovanja, ve\u0107 i po pozitivnom uticaju koji vr\u0161imo na zajednice i \u017eivotnu sredinu. Na Sandin doo, te\u017eimo oblikovanju budu\u0107nosti transporta, stvaraju\u0107i svijet u kojem se roba kre\u0107e neprimjetno, a veze cvjetaju.<\/p>\t\t\t\t\t\t<\/div>\n\t\t\t\t<\/div>\n\t\t\t\t<\/div>\n\t\t<div class=\"elementor-element elementor-element-0bd1f17 e-con-full e-flex e-con e-child\" data-id=\"0bd1f17\" data-element_type=\"container\">\n\t\t\t\t<div class=\"elementor-element elementor-element-b10ccd2 elementor-widget elementor-widget-image\" data-id=\"b10ccd2\" data-element_type=\"widget\" data-widget_type=\"image.default\">\n\t\t\t\t<div class=\"elementor-widget-container\">\n\t\t\t<style>\/*! elementor - v3.20.0 - 10-04-2024 *\/\n.elementor-widget-image{text-align:center}.elementor-widget-image a{display:inline-block}.elementor-widget-image a img[src$=\".svg\"]{width:48px}.elementor-widget-image img{vertical-align:middle;display:inline-block}<\/style>\t\t\t\t\t\t\t\t\t\t<img fetchpriority=\"high\" decoding=\"async\" width=\"720\" height=\"926\" src=\"https:\/\/sandin.ba\/wp-content\/uploads\/2024\/03\/IMG_3134-1.webp\" class=\"attachment-full size-full wp-image-307\" alt=\"Mercedes kamion\" srcset=\"https:\/\/sandin.ba\/wp-content\/uploads\/2024\/03\/IMG_3134-1.webp 720w, https:\/\/sandin.ba\/wp-content\/uploads\/2024\/03\/IMG_3134-1-233x300.webp 233w\" sizes=\"(max-width: 720px) 100vw, 720px\" \/>\t\t\t\t\t\t\t\t\t\t\t\t\t<\/div>\n\t\t\t\t<\/div>\n\t\t\t\t<\/div>\n\t\t\t\t<\/div>\n\t\t<div class=\"elementor-element elementor-element-4c7f3ad e-flex e-con-boxed e-con e-parent\" data-id=\"4c7f3ad\" data-element_type=\"container\" data-core-v316-plus=\"true\">\n\t\t\t\t\t<div class=\"e-con-inner\">\n\t\t\t\t<div class=\"elementor-element elementor-element-67b95c3 animated-slow elementor-invisible elementor-widget elementor-widget-image\" data-id=\"67b95c3\" data-element_type=\"widget\" data-settings=\"{&quot;_animation&quot;:&quot;fadeInLeft&quot;}\" data-widget_type=\"image.default\">\n\t\t\t\t<div class=\"elementor-widget-container\">\n\t\t\t\t\t\t\t\t\t\t\t\t\t<img decoding=\"async\" width=\"64\" height=\"64\" src=\"https:\/\/sandin.ba\/wp-content\/uploads\/2024\/03\/icons8-truck-64.png\" class=\"attachment-thumbnail size-thumbnail wp-image-2421\" alt=\"\" srcset=\"https:\/\/sandin.ba\/wp-content\/uploads\/2024\/03\/icons8-truck-64.png 64w, https:\/\/sandin.ba\/wp-content\/uploads\/2024\/03\/icons8-truck-64-12x12.png 12w\" sizes=\"(max-width: 64px) 100vw, 64px\" \/>\t\t\t\t\t\t\t\t\t\t\t\t\t<\/div>\n\t\t\t\t<\/div>\n\t\t\t\t<div class=\"elementor-element elementor-element-f940847 elementor-widget elementor-widget-heading\" data-id=\"f940847\" data-element_type=\"widget\" data-widget_type=\"heading.default\">\n\t\t\t\t<div class=\"elementor-widget-container\">\n\t\t\t<h2 class=\"elementor-heading-title elementor-size-default\">Industrije koje opslu\u017eujemo:\n<\/h2>\t\t<\/div>\n\t\t\t\t<\/div>\n\t\t\t\t<div class=\"elementor-element elementor-element-6393765 elementor-widget elementor-widget-heading\" data-id=\"6393765\" data-element_type=\"widget\" data-widget_type=\"heading.default\">\n\t\t\t\t<div class=\"elementor-widget-container\">\n\t\t\t<h2 class=\"elementor-heading-title elementor-size-default\">Auto industrija<\/h2>\t\t<\/div>\n\t\t\t\t<\/div>\n\t\t\t\t<div class=\"elementor-element elementor-element-70f45cc elementor-widget elementor-widget-heading\" data-id=\"70f45cc\" data-element_type=\"widget\" data-widget_type=\"heading.default\">\n\t\t\t\t<div class=\"elementor-widget-container\">\n\t\t\t<h2 class=\"elementor-heading-title elementor-size-default\">Farmaceutska\n<\/h2>\t\t<\/div>\n\t\t\t\t<\/div>\n\t\t\t\t<div class=\"elementor-element elementor-element-4cc9430 elementor-widget elementor-widget-heading\" data-id=\"4cc9430\" data-element_type=\"widget\" data-widget_type=\"heading.default\">\n\t\t\t\t<div class=\"elementor-widget-container\">\n\t\t\t<h2 class=\"elementor-heading-title elementor-size-default\">Zdravstvo\n<\/h2>\t\t<\/div>\n\t\t\t\t<\/div>\n\t\t\t\t\t<\/div>\n\t\t\t\t<\/div>\n\t\t<div class=\"elementor-element elementor-element-664fbb9 e-flex e-con-boxed e-con e-parent\" data-id=\"664fbb9\" data-element_type=\"container\" data-settings=\"{&quot;background_background&quot;:&quot;classic&quot;}\" data-core-v316-plus=\"true\">\n\t\t\t\t\t<div class=\"e-con-inner\">\n\t\t<div class=\"elementor-element elementor-element-c13f414 e-con-full e-flex e-con e-child\" data-id=\"c13f414\" data-element_type=\"container\" data-settings=\"{&quot;background_background&quot;:&quot;classic&quot;}\">\n\t\t\t\t<div class=\"elementor-element elementor-element-d345cdd elementor-widget elementor-widget-text-editor\" data-id=\"d345cdd\" data-element_type=\"widget\" data-widget_type=\"text-editor.default\">\n\t\t\t\t<div class=\"elementor-widget-container\">\n\t\t\t\t\t\t\t<p style=\"text-align: right;\"><strong>ISKUSTVO<\/strong><br \/>Vi\u0161e od dvije decenije pru\u017eanja izvrsnosti.<\/p>\t\t\t\t\t\t<\/div>\n\t\t\t\t<\/div>\n\t\t\t\t<\/div>\n\t\t<div class=\"elementor-element elementor-element-8007d1b e-con-full e-flex e-con e-child\" data-id=\"8007d1b\" data-element_type=\"container\" data-settings=\"{&quot;background_background&quot;:&quot;classic&quot;}\">\n\t\t\t\t<div class=\"elementor-element elementor-element-75c4869 elementor-widget elementor-widget-image\" data-id=\"75c4869\" data-element_type=\"widget\" data-widget_type=\"image.default\">\n\t\t\t\t<div class=\"elementor-widget-container\">\n\t\t\t\t\t\t\t\t\t\t\t\t\t<img decoding=\"async\" width=\"100\" height=\"100\" src=\"https:\/\/sandin.ba\/wp-content\/uploads\/2024\/03\/icons8-customer-insight-100.png\" class=\"attachment-full size-full wp-image-2364\" alt=\"iskustvo\" srcset=\"https:\/\/sandin.ba\/wp-content\/uploads\/2024\/03\/icons8-customer-insight-100.png 100w, https:\/\/sandin.ba\/wp-content\/uploads\/2024\/03\/icons8-customer-insight-100-12x12.png 12w\" sizes=\"(max-width: 100px) 100vw, 100px\" \/>\t\t\t\t\t\t\t\t\t\t\t\t\t<\/div>\n\t\t\t\t<\/div>\n\t\t\t\t<\/div>\n\t\t<div class=\"elementor-element elementor-element-73c279a e-con-full e-flex e-con e-child\" data-id=\"73c279a\" data-element_type=\"container\" data-settings=\"{&quot;background_background&quot;:&quot;classic&quot;}\">\n\t\t\t\t<div class=\"elementor-element elementor-element-c7bc655 elementor-widget elementor-widget-image\" data-id=\"c7bc655\" data-element_type=\"widget\" data-widget_type=\"image.default\">\n\t\t\t\t<div class=\"elementor-widget-container\">\n\t\t\t\t\t\t\t\t\t\t\t\t\t<img loading=\"lazy\" decoding=\"async\" width=\"68\" height=\"68\" src=\"https:\/\/sandin.ba\/wp-content\/uploads\/2024\/03\/icons8-reliability-68-1.png\" class=\"attachment-full size-full wp-image-2368\" alt=\"Pouzdanost\" srcset=\"https:\/\/sandin.ba\/wp-content\/uploads\/2024\/03\/icons8-reliability-68-1.png 68w, https:\/\/sandin.ba\/wp-content\/uploads\/2024\/03\/icons8-reliability-68-1-12x12.png 12w\" sizes=\"(max-width: 68px) 100vw, 68px\" \/>\t\t\t\t\t\t\t\t\t\t\t\t\t<\/div>\n\t\t\t\t<\/div>\n\t\t\t\t<\/div>\n\t\t<div class=\"elementor-element elementor-element-3b2f411 e-con-full e-flex e-con e-child\" data-id=\"3b2f411\" data-element_type=\"container\" data-settings=\"{&quot;background_background&quot;:&quot;classic&quot;}\">\n\t\t\t\t<div class=\"elementor-element elementor-element-458da9d elementor-widget elementor-widget-text-editor\" data-id=\"458da9d\" data-element_type=\"widget\" data-widget_type=\"text-editor.default\">\n\t\t\t\t<div class=\"elementor-widget-container\">\n\t\t\t\t\t\t\t<p><strong>PRILAGO\u0110ENA RJE\u0160ENJA<\/strong><br \/>Logisti\u010dka rje\u0161enja prilago\u0111ena va\u0161im specifi\u010dnim zahtjevima.<\/p>\t\t\t\t\t\t<\/div>\n\t\t\t\t<\/div>\n\t\t\t\t<\/div>\n\t\t<div class=\"elementor-element elementor-element-5b33b42 e-con-full e-flex e-con e-child\" data-id=\"5b33b42\" data-element_type=\"container\" data-settings=\"{&quot;background_background&quot;:&quot;classic&quot;}\">\n\t\t\t\t<div class=\"elementor-element elementor-element-9921d92 elementor-widget elementor-widget-text-editor\" data-id=\"9921d92\" data-element_type=\"widget\" data-widget_type=\"text-editor.default\">\n\t\t\t\t<div class=\"elementor-widget-container\">\n\t\t\t\t\t\t\t<p style=\"text-align: right;\">Evidencija o pravovremenim,<br \/>sigurnim i sigurnim isporukama.<br \/><strong>POUZDANOST<\/strong><\/p>\t\t\t\t\t\t<\/div>\n\t\t\t\t<\/div>\n\t\t\t\t<\/div>\n\t\t<div class=\"elementor-element elementor-element-198fb0f e-con-full e-flex e-con e-child\" data-id=\"198fb0f\" data-element_type=\"container\" data-settings=\"{&quot;background_background&quot;:&quot;classic&quot;}\">\n\t\t\t\t<div class=\"elementor-element elementor-element-2b24568 elementor-widget elementor-widget-image\" data-id=\"2b24568\" data-element_type=\"widget\" data-widget_type=\"image.default\">\n\t\t\t\t<div class=\"elementor-widget-container\">\n\t\t\t\t\t\t\t\t\t\t\t\t\t<img loading=\"lazy\" decoding=\"async\" width=\"64\" height=\"64\" src=\"https:\/\/sandin.ba\/wp-content\/uploads\/2024\/03\/icons8-solutions-64-1.png\" class=\"attachment-full size-full wp-image-2412\" alt=\"rjesenje\" srcset=\"https:\/\/sandin.ba\/wp-content\/uploads\/2024\/03\/icons8-solutions-64-1.png 64w, https:\/\/sandin.ba\/wp-content\/uploads\/2024\/03\/icons8-solutions-64-1-12x12.png 12w\" sizes=\"(max-width: 64px) 100vw, 64px\" \/>\t\t\t\t\t\t\t\t\t\t\t\t\t<\/div>\n\t\t\t\t<\/div>\n\t\t\t\t<\/div>\n\t\t<div class=\"elementor-element elementor-element-8bfd6d9 e-con-full e-flex e-con e-child\" data-id=\"8bfd6d9\" data-element_type=\"container\" data-settings=\"{&quot;background_background&quot;:&quot;classic&quot;}\">\n\t\t\t\t<div class=\"elementor-element elementor-element-55474fc elementor-widget elementor-widget-image\" data-id=\"55474fc\" data-element_type=\"widget\" data-widget_type=\"image.default\">\n\t\t\t\t<div class=\"elementor-widget-container\">\n\t\t\t\t\t\t\t\t\t\t\t\t\t<img loading=\"lazy\" decoding=\"async\" width=\"100\" height=\"100\" src=\"https:\/\/sandin.ba\/wp-content\/uploads\/2024\/03\/icons8-user-100.png\" class=\"attachment-full size-full wp-image-2413\" alt=\"korisnik\" srcset=\"https:\/\/sandin.ba\/wp-content\/uploads\/2024\/03\/icons8-user-100.png 100w, https:\/\/sandin.ba\/wp-content\/uploads\/2024\/03\/icons8-user-100-12x12.png 12w\" sizes=\"(max-width: 100px) 100vw, 100px\" \/>\t\t\t\t\t\t\t\t\t\t\t\t\t<\/div>\n\t\t\t\t<\/div>\n\t\t\t\t<\/div>\n\t\t<div class=\"elementor-element elementor-element-d240212 e-con-full e-flex e-con e-child\" data-id=\"d240212\" data-element_type=\"container\" data-settings=\"{&quot;background_background&quot;:&quot;classic&quot;}\">\n\t\t\t\t<div class=\"elementor-element elementor-element-90dfa07 elementor-widget elementor-widget-text-editor\" data-id=\"90dfa07\" data-element_type=\"widget\" data-widget_type=\"text-editor.default\">\n\t\t\t\t<div class=\"elementor-widget-container\">\n\t\t\t\t\t\t\t<p>Namjenska korisni\u010dka podr\u0161ka za personalizirano iskustvo.<br \/><strong>FOKUS NA KORISNIKA<\/strong><\/p>\t\t\t\t\t\t<\/div>\n\t\t\t\t<\/div>\n\t\t\t\t<\/div>\n\t\t\t\t\t<\/div>\n\t\t\t\t<\/div>\n\t\t\t\t<\/div>\n\t\t","protected":false},"excerpt":{"rendered":"<p>MISIJA U kompaniji, Sandin doo, posve\u0107eni smo pru\u017eanju izuzetne usluge, podsticanju odr\u017eivosti i pokretanju ekonomskog rasta isporukom robe sigurnom, efikasnom i s najve\u0107om pa\u017enjom. Na\u0161a posve\u0107enost izvrsnosti, zadovoljstvu kupaca i dru\u0161tvenoj odgovornosti vode svako putovanje na koje kre\u0107emo, \u0161to nas \u010dini pouzdanim partnerom za globalnu logistiku.&#8221; VIZIJA Kao lider u transportnoj industriji, na\u0161a vizija u [&hellip;]<\/p>\n","protected":false},"author":1,"featured_media":3764,"parent":0,"menu_order":0,"comment_status":"closed","ping_status":"closed","template":"elementor_header_footer","meta":{"footnotes":""},"class_list":["post-4185","page","type-page","status-publish","has-post-thumbnail","hentry","entry","has-media"],"yoast_head":"<!-- This site is optimized with the Yoast SEO plugin v22.7 - https:\/\/yoast.com\/wordpress\/plugins\/seo\/ -->\n<title>TRANSPORT - Sandin<\/title>\n<meta name=\"robots\" content=\"index, follow, max-snippet:-1, max-image-preview:large, max-video-preview:-1\" \/>\n<link rel=\"canonical\" href=\"https:\/\/sandin.ba\/bs\/transport_1\/\" \/>\n<meta property=\"og:locale\" content=\"bs_BA\" \/>\n<meta property=\"og:type\" content=\"article\" \/>\n<meta property=\"og:title\" content=\"TRANSPORT - Sandin\" \/>\n<meta property=\"og:description\" content=\"MISIJA U kompaniji, Sandin doo, posve\u0107eni smo pru\u017eanju izuzetne usluge, podsticanju odr\u017eivosti i pokretanju ekonomskog rasta isporukom robe sigurnom, efikasnom i s najve\u0107om pa\u017enjom. Na\u0161a posve\u0107enost izvrsnosti, zadovoljstvu kupaca i dru\u0161tvenoj odgovornosti vode svako putovanje na koje kre\u0107emo, \u0161to nas \u010dini pouzdanim partnerom za globalnu logistiku.&#8221; VIZIJA Kao lider u transportnoj industriji, na\u0161a vizija u [&hellip;]\" \/>\n<meta property=\"og:url\" content=\"https:\/\/sandin.ba\/bs\/transport_1\/\" \/>\n<meta property=\"og:site_name\" content=\"Sandin\" \/>\n<meta property=\"article:modified_time\" content=\"2024-05-15T09:35:09+00:00\" \/>\n<meta property=\"og:image\" content=\"https:\/\/sandin.ba\/wp-content\/uploads\/2024\/04\/sandin-favicon.png\" \/>\n\t<meta property=\"og:image:width\" content=\"200\" \/>\n\t<meta property=\"og:image:height\" content=\"200\" \/>\n\t<meta property=\"og:image:type\" content=\"image\/png\" \/>\n<meta name=\"twitter:card\" content=\"summary_large_image\" \/>\n<meta name=\"twitter:label1\" content=\"Est. reading time\" \/>\n\t<meta name=\"twitter:data1\" content=\"3 minute\" \/>\n<script type=\"application\/ld+json\" class=\"yoast-schema-graph\">{\"@context\":\"https:\/\/schema.org\",\"@graph\":[{\"@type\":\"WebPage\",\"@id\":\"https:\/\/sandin.ba\/transport_1\/\",\"url\":\"https:\/\/sandin.ba\/transport_1\/\",\"name\":\"TRANSPORT - Sandin\",\"isPartOf\":{\"@id\":\"https:\/\/sandin.ba\/en\/#website\"},\"primaryImageOfPage\":{\"@id\":\"https:\/\/sandin.ba\/transport_1\/#primaryimage\"},\"image\":{\"@id\":\"https:\/\/sandin.ba\/transport_1\/#primaryimage\"},\"thumbnailUrl\":\"https:\/\/sandin.ba\/wp-content\/uploads\/2024\/04\/sandin-favicon.png\",\"datePublished\":\"2024-04-30T12:37:57+00:00\",\"dateModified\":\"2024-05-15T09:35:09+00:00\",\"breadcrumb\":{\"@id\":\"https:\/\/sandin.ba\/transport_1\/#breadcrumb\"},\"inLanguage\":\"bs-BA\",\"potentialAction\":[{\"@type\":\"ReadAction\",\"target\":[\"https:\/\/sandin.ba\/transport_1\/\"]}]},{\"@type\":\"ImageObject\",\"inLanguage\":\"bs-BA\",\"@id\":\"https:\/\/sandin.ba\/transport_1\/#primaryimage\",\"url\":\"https:\/\/sandin.ba\/wp-content\/uploads\/2024\/04\/sandin-favicon.png\",\"contentUrl\":\"https:\/\/sandin.ba\/wp-content\/uploads\/2024\/04\/sandin-favicon.png\",\"width\":200,\"height\":200,\"caption\":\"sandin-favicon\"},{\"@type\":\"BreadcrumbList\",\"@id\":\"https:\/\/sandin.ba\/transport_1\/#breadcrumb\",\"itemListElement\":[{\"@type\":\"ListItem\",\"position\":1,\"name\":\"Home\",\"item\":\"https:\/\/sandin.ba\/\"},{\"@type\":\"ListItem\",\"position\":2,\"name\":\"TRANSPORT\"}]},{\"@type\":\"WebSite\",\"@id\":\"https:\/\/sandin.ba\/en\/#website\",\"url\":\"https:\/\/sandin.ba\/en\/\",\"name\":\"Sandin\",\"description\":\"\",\"publisher\":{\"@id\":\"https:\/\/sandin.ba\/en\/#organization\"},\"potentialAction\":[{\"@type\":\"SearchAction\",\"target\":{\"@type\":\"EntryPoint\",\"urlTemplate\":\"https:\/\/sandin.ba\/en\/?s={search_term_string}\"},\"query-input\":\"required name=search_term_string\"}],\"inLanguage\":\"bs-BA\"},{\"@type\":\"Organization\",\"@id\":\"https:\/\/sandin.ba\/en\/#organization\",\"name\":\"Sandin\",\"url\":\"https:\/\/sandin.ba\/en\/\",\"logo\":{\"@type\":\"ImageObject\",\"inLanguage\":\"bs-BA\",\"@id\":\"https:\/\/sandin.ba\/en\/#\/schema\/logo\/image\/\",\"url\":\"https:\/\/sandin.ba\/wp-content\/uploads\/2024\/03\/Logo-Sandin-1.webp\",\"contentUrl\":\"https:\/\/sandin.ba\/wp-content\/uploads\/2024\/03\/Logo-Sandin-1.webp\",\"width\":350,\"height\":114,\"caption\":\"Sandin\"},\"image\":{\"@id\":\"https:\/\/sandin.ba\/en\/#\/schema\/logo\/image\/\"}}]}<\/script>\n<!-- \/ Yoast SEO plugin. -->","yoast_head_json":{"title":"TRANSPORT - Sandin","robots":{"index":"index","follow":"follow","max-snippet":"max-snippet:-1","max-image-preview":"max-image-preview:large","max-video-preview":"max-video-preview:-1"},"canonical":"https:\/\/sandin.ba\/bs\/transport_1\/","og_locale":"bs_BA","og_type":"article","og_title":"TRANSPORT - Sandin","og_description":"MISIJA U kompaniji, Sandin doo, posve\u0107eni smo pru\u017eanju izuzetne usluge, podsticanju odr\u017eivosti i pokretanju ekonomskog rasta isporukom robe sigurnom, efikasnom i s najve\u0107om pa\u017enjom. Na\u0161a posve\u0107enost izvrsnosti, zadovoljstvu kupaca i dru\u0161tvenoj odgovornosti vode svako putovanje na koje kre\u0107emo, \u0161to nas \u010dini pouzdanim partnerom za globalnu logistiku.&#8221; VIZIJA Kao lider u transportnoj industriji, na\u0161a vizija u [&hellip;]","og_url":"https:\/\/sandin.ba\/bs\/transport_1\/","og_site_name":"Sandin","article_modified_time":"2024-05-15T09:35:09+00:00","og_image":[{"width":200,"height":200,"url":"https:\/\/sandin.ba\/wp-content\/uploads\/2024\/04\/sandin-favicon.png","type":"image\/png"}],"twitter_card":"summary_large_image","twitter_misc":{"Est. reading time":"3 minute"},"schema":{"@context":"https:\/\/schema.org","@graph":[{"@type":"WebPage","@id":"https:\/\/sandin.ba\/transport_1\/","url":"https:\/\/sandin.ba\/transport_1\/","name":"TRANSPORT - Sandin","isPartOf":{"@id":"https:\/\/sandin.ba\/en\/#website"},"primaryImageOfPage":{"@id":"https:\/\/sandin.ba\/transport_1\/#primaryimage"},"image":{"@id":"https:\/\/sandin.ba\/transport_1\/#primaryimage"},"thumbnailUrl":"https:\/\/sandin.ba\/wp-content\/uploads\/2024\/04\/sandin-favicon.png","datePublished":"2024-04-30T12:37:57+00:00","dateModified":"2024-05-15T09:35:09+00:00","breadcrumb":{"@id":"https:\/\/sandin.ba\/transport_1\/#breadcrumb"},"inLanguage":"bs-BA","potentialAction":[{"@type":"ReadAction","target":["https:\/\/sandin.ba\/transport_1\/"]}]},{"@type":"ImageObject","inLanguage":"bs-BA","@id":"https:\/\/sandin.ba\/transport_1\/#primaryimage","url":"https:\/\/sandin.ba\/wp-content\/uploads\/2024\/04\/sandin-favicon.png","contentUrl":"https:\/\/sandin.ba\/wp-content\/uploads\/2024\/04\/sandin-favicon.png","width":200,"height":200,"caption":"sandin-favicon"},{"@type":"BreadcrumbList","@id":"https:\/\/sandin.ba\/transport_1\/#breadcrumb","itemListElement":[{"@type":"ListItem","position":1,"name":"Home","item":"https:\/\/sandin.ba\/"},{"@type":"ListItem","position":2,"name":"TRANSPORT"}]},{"@type":"WebSite","@id":"https:\/\/sandin.ba\/en\/#website","url":"https:\/\/sandin.ba\/en\/","name":"Sandin","description":"","publisher":{"@id":"https:\/\/sandin.ba\/en\/#organization"},"potentialAction":[{"@type":"SearchAction","target":{"@type":"EntryPoint","urlTemplate":"https:\/\/sandin.ba\/en\/?s={search_term_string}"},"query-input":"required name=search_term_string"}],"inLanguage":"bs-BA"},{"@type":"Organization","@id":"https:\/\/sandin.ba\/en\/#organization","name":"Sandin","url":"https:\/\/sandin.ba\/en\/","logo":{"@type":"ImageObject","inLanguage":"bs-BA","@id":"https:\/\/sandin.ba\/en\/#\/schema\/logo\/image\/","url":"https:\/\/sandin.ba\/wp-content\/uploads\/2024\/03\/Logo-Sandin-1.webp","contentUrl":"https:\/\/sandin.ba\/wp-content\/uploads\/2024\/03\/Logo-Sandin-1.webp","width":350,"height":114,"caption":"Sandin"},"image":{"@id":"https:\/\/sandin.ba\/en\/#\/schema\/logo\/image\/"}}]}},"_links":{"self":[{"href":"https:\/\/sandin.ba\/bs\/wp-json\/wp\/v2\/pages\/4185","targetHints":{"allow":["GET"]}}],"collection":[{"href":"https:\/\/sandin.ba\/bs\/wp-json\/wp\/v2\/pages"}],"about":[{"href":"https:\/\/sandin.ba\/bs\/wp-json\/wp\/v2\/types\/page"}],"author":[{"embeddable":true,"href":"https:\/\/sandin.ba\/bs\/wp-json\/wp\/v2\/users\/1"}],"replies":[{"embeddable":true,"href":"https:\/\/sandin.ba\/bs\/wp-json\/wp\/v2\/comments?post=4185"}],"version-history":[{"count":120,"href":"https:\/\/sandin.ba\/bs\/wp-json\/wp\/v2\/pages\/4185\/revisions"}],"predecessor-version":[{"id":4381,"href":"https:\/\/sandin.ba\/bs\/wp-json\/wp\/v2\/pages\/4185\/revisions\/4381"}],"wp:featuredmedia":[{"embeddable":true,"href":"https:\/\/sandin.ba\/bs\/wp-json\/wp\/v2\/media\/3764"}],"wp:attachment":[{"href":"https:\/\/sandin.ba\/bs\/wp-json\/wp\/v2\/media?parent=4185"}],"curies":[{"name":"wp","href":"https:\/\/api.w.org\/{rel}","templated":true}]}}