{"id":19,"date":"2024-03-06T12:25:53","date_gmt":"2024-03-06T12:25:53","guid":{"rendered":"http:\/\/sandin.ba\/?page_id=19"},"modified":"2024-05-15T09:34:18","modified_gmt":"2024-05-15T09:34:18","slug":"o-nama","status":"publish","type":"page","link":"https:\/\/sandin.ba\/de\/o-nama\/","title":{"rendered":"\u00dcBER UNS"},"content":{"rendered":"<div data-elementor-type=\"wp-page\" data-elementor-id=\"19\" class=\"elementor elementor-19\" data-elementor-post-type=\"page\">\n\t\t\t\t<div class=\"elementor-element elementor-element-63ed305 e-con-full e-flex e-con e-parent\" data-id=\"63ed305\" data-element_type=\"container\" data-settings=\"{&quot;background_background&quot;:&quot;classic&quot;}\" data-core-v316-plus=\"true\">\n\t\t<div class=\"elementor-element elementor-element-bf60ec8 e-con-full elementor-hidden-mobile e-flex e-con e-child\" data-id=\"bf60ec8\" data-element_type=\"container\">\n\t\t\t\t<\/div>\n\t\t<div class=\"elementor-element elementor-element-af6b0ae e-con-full e-flex e-con e-child\" data-id=\"af6b0ae\" data-element_type=\"container\">\n\t\t\t\t<div class=\"elementor-element elementor-element-8461852 elementor-widget elementor-widget-heading\" data-id=\"8461852\" data-element_type=\"widget\" data-widget_type=\"heading.default\">\n\t\t\t\t<div class=\"elementor-widget-container\">\n\t\t\t<style>\/*! elementor - v3.20.0 - 10-04-2024 *\/\n.elementor-heading-title{padding:0;margin:0;line-height:1}.elementor-widget-heading .elementor-heading-title[class*=elementor-size-]>a{color:inherit;font-size:inherit;line-height:inherit}.elementor-widget-heading .elementor-heading-title.elementor-size-small{font-size:15px}.elementor-widget-heading .elementor-heading-title.elementor-size-medium{font-size:19px}.elementor-widget-heading .elementor-heading-title.elementor-size-large{font-size:29px}.elementor-widget-heading .elementor-heading-title.elementor-size-xl{font-size:39px}.elementor-widget-heading .elementor-heading-title.elementor-size-xxl{font-size:59px}<\/style><h2 class=\"elementor-heading-title elementor-size-default\">\u00dcBER UNS<\/h2>\t\t<\/div>\n\t\t\t\t<\/div>\n\t\t\t\t<div class=\"elementor-element elementor-element-332bb72 elementor-widget elementor-widget-text-editor\" data-id=\"332bb72\" data-element_type=\"widget\" data-widget_type=\"text-editor.default\">\n\t\t\t\t<div class=\"elementor-widget-container\">\n\t\t\t<style>\/*! elementor - v3.20.0 - 10-04-2024 *\/\n.elementor-widget-text-editor.elementor-drop-cap-view-stacked .elementor-drop-cap{background-color:#69727d;color:#fff}.elementor-widget-text-editor.elementor-drop-cap-view-framed .elementor-drop-cap{color:#69727d;border:3px solid;background-color:transparent}.elementor-widget-text-editor:not(.elementor-drop-cap-view-default) .elementor-drop-cap{margin-top:8px}.elementor-widget-text-editor:not(.elementor-drop-cap-view-default) .elementor-drop-cap-letter{width:1em;height:1em}.elementor-widget-text-editor .elementor-drop-cap{float:left;text-align:center;line-height:1;font-size:50px}.elementor-widget-text-editor .elementor-drop-cap-letter{display:inline-block}<\/style>\t\t\t\t<p class=\" translation-block\">Firma Sandin d.o.o. begann seine Geschichte im Jahr 1996, als Sandin Kulenovi\u0107 den ersten LKW kaufte und das Unternehmen gr\u00fcndete, das sich zu einem angesehenen Unternehmen mit \u00fcber 20 LKWs und internationaler Zusammenarbeit entwickelte. Sandin erkannte daraufhin die Schl\u00fcsselrolle der Logistik in der Weltwirtschaft und machte sich daran, ein Unternehmen zu gr\u00fcnden, das bis heute das einzige Unternehmen seiner Art im Kanton Una-Sana mit internationalem Ruf ist.<\/p>\t\t\t\t\t\t<\/div>\n\t\t\t\t<\/div>\n\t\t\t\t<\/div>\n\t\t<div class=\"elementor-element elementor-element-19c94c1 e-con-full e-flex e-con e-child\" data-id=\"19c94c1\" data-element_type=\"container\">\n\t\t\t\t<div class=\"elementor-element elementor-element-57889b2 elementor-widget elementor-widget-image\" data-id=\"57889b2\" data-element_type=\"widget\" data-widget_type=\"image.default\">\n\t\t\t\t<div class=\"elementor-widget-container\">\n\t\t\t<style>\/*! elementor - v3.20.0 - 10-04-2024 *\/\n.elementor-widget-image{text-align:center}.elementor-widget-image a{display:inline-block}.elementor-widget-image a img[src$=\".svg\"]{width:48px}.elementor-widget-image img{vertical-align:middle;display:inline-block}<\/style>\t\t\t\t\t\t\t\t\t\t<img fetchpriority=\"high\" decoding=\"async\" width=\"960\" height=\"720\" src=\"https:\/\/sandin.ba\/wp-content\/uploads\/2024\/03\/Kamioni-e1712059545471.webp\" class=\"attachment-full size-full wp-image-130\" alt=\"Vozni park kamiona\" srcset=\"https:\/\/sandin.ba\/wp-content\/uploads\/2024\/03\/Kamioni-e1712059545471.webp 960w, https:\/\/sandin.ba\/wp-content\/uploads\/2024\/03\/Kamioni-e1712059545471-300x225.webp 300w, https:\/\/sandin.ba\/wp-content\/uploads\/2024\/03\/Kamioni-e1712059545471-768x576.webp 768w, https:\/\/sandin.ba\/wp-content\/uploads\/2024\/03\/Kamioni-e1712059545471-16x12.webp 16w\" sizes=\"(max-width: 960px) 100vw, 960px\" \/>\t\t\t\t\t\t\t\t\t\t\t\t\t<\/div>\n\t\t\t\t<\/div>\n\t\t\t\t<\/div>\n\t\t<div class=\"elementor-element elementor-element-c53986e e-con-full elementor-hidden-mobile e-flex e-con e-child\" data-id=\"c53986e\" data-element_type=\"container\">\n\t\t\t\t<\/div>\n\t\t\t\t<\/div>\n\t\t<div class=\"elementor-element elementor-element-d57829e e-con-full e-flex e-con e-parent\" data-id=\"d57829e\" data-element_type=\"container\" data-core-v316-plus=\"true\">\n\t\t<div class=\"elementor-element elementor-element-da2567a e-con-full elementor-hidden-mobile e-flex e-con e-child\" data-id=\"da2567a\" data-element_type=\"container\">\n\t\t\t\t<\/div>\n\t\t<div class=\"elementor-element elementor-element-cd05638 e-con-full e-flex e-con e-child\" data-id=\"cd05638\" data-element_type=\"container\">\n\t\t<div class=\"elementor-element elementor-element-b6d12f4 e-flex e-con-boxed e-con e-child\" data-id=\"b6d12f4\" data-element_type=\"container\">\n\t\t\t\t\t<div class=\"e-con-inner\">\n\t\t\t\t<div class=\"elementor-element elementor-element-5db65e4 elementor-widget elementor-widget-image\" data-id=\"5db65e4\" data-element_type=\"widget\" data-widget_type=\"image.default\">\n\t\t\t\t<div class=\"elementor-widget-container\">\n\t\t\t\t\t\t\t\t\t\t\t\t\t<img decoding=\"async\" width=\"768\" height=\"1024\" src=\"https:\/\/sandin.ba\/wp-content\/uploads\/2024\/03\/IMG_3103.jpg\" class=\"attachment-full size-full wp-image-1698\" alt=\"\" srcset=\"https:\/\/sandin.ba\/wp-content\/uploads\/2024\/03\/IMG_3103.jpg 768w, https:\/\/sandin.ba\/wp-content\/uploads\/2024\/03\/IMG_3103-225x300.jpg 225w, https:\/\/sandin.ba\/wp-content\/uploads\/2024\/03\/IMG_3103-9x12.jpg 9w\" sizes=\"(max-width: 768px) 100vw, 768px\" \/>\t\t\t\t\t\t\t\t\t\t\t\t\t<\/div>\n\t\t\t\t<\/div>\n\t\t\t\t\t<\/div>\n\t\t\t\t<\/div>\n\t\t<div class=\"elementor-element elementor-element-e71caa1 e-flex e-con-boxed e-con e-child\" data-id=\"e71caa1\" data-element_type=\"container\">\n\t\t\t\t\t<div class=\"e-con-inner\">\n\t\t\t\t<div class=\"elementor-element elementor-element-6cf133a elementor-widget elementor-widget-image\" data-id=\"6cf133a\" data-element_type=\"widget\" data-widget_type=\"image.default\">\n\t\t\t\t<div class=\"elementor-widget-container\">\n\t\t\t\t\t\t\t\t\t\t\t\t\t<img decoding=\"async\" width=\"768\" height=\"1024\" src=\"https:\/\/sandin.ba\/wp-content\/uploads\/2024\/03\/IMG_3105.jpg\" class=\"attachment-full size-full wp-image-1699\" alt=\"\" srcset=\"https:\/\/sandin.ba\/wp-content\/uploads\/2024\/03\/IMG_3105.jpg 768w, https:\/\/sandin.ba\/wp-content\/uploads\/2024\/03\/IMG_3105-225x300.jpg 225w, https:\/\/sandin.ba\/wp-content\/uploads\/2024\/03\/IMG_3105-9x12.jpg 9w\" sizes=\"(max-width: 768px) 100vw, 768px\" \/>\t\t\t\t\t\t\t\t\t\t\t\t\t<\/div>\n\t\t\t\t<\/div>\n\t\t\t\t\t<\/div>\n\t\t\t\t<\/div>\n\t\t<div class=\"elementor-element elementor-element-bc3a186 e-flex e-con-boxed e-con e-child\" data-id=\"bc3a186\" data-element_type=\"container\">\n\t\t\t\t\t<div class=\"e-con-inner\">\n\t\t\t\t<div class=\"elementor-element elementor-element-f500bc4 elementor-widget elementor-widget-text-editor\" data-id=\"f500bc4\" data-element_type=\"widget\" data-widget_type=\"text-editor.default\">\n\t\t\t\t<div class=\"elementor-widget-container\">\n\t\t\t\t\t\t\t<p>Von Anfang an konzentrierte sich das Unternehmen auf mehr als nur den Transport von G\u00fctern von Punkt A nach Punkt B. Es war das R\u00fcckgrat der R\u00fcckkehr der Bev\u00f6lkerung, wo der Transport haupts\u00e4chlich auf Umz\u00fcgen beruhte. Im vom Krieg zerst\u00f6rten Bosanska Krupa und den umliegenden St\u00e4dten wirkten der Mut und die Entschlossenheit, ein Unternehmen zu gr\u00fcnden, eher wie Wahnsinn, aber Motivation, Vision und Erfolgswille formten dieses Unternehmen, das noch immer von denselben Prinzipien getragen wird.<\/p>\t\t\t\t\t\t<\/div>\n\t\t\t\t<\/div>\n\t\t\t\t\t<\/div>\n\t\t\t\t<\/div>\n\t\t\t\t<\/div>\n\t\t<div class=\"elementor-element elementor-element-b2924df e-con-full elementor-hidden-mobile e-flex e-con e-child\" data-id=\"b2924df\" data-element_type=\"container\">\n\t\t\t\t<\/div>\n\t\t\t\t<\/div>\n\t\t<div class=\"elementor-element elementor-element-e8e7c15 e-con-full e-flex e-con e-parent\" data-id=\"e8e7c15\" data-element_type=\"container\" data-core-v316-plus=\"true\">\n\t\t<div class=\"elementor-element elementor-element-933505e e-con-full elementor-hidden-mobile e-flex e-con e-child\" data-id=\"933505e\" data-element_type=\"container\">\n\t\t\t\t<\/div>\n\t\t<div class=\"elementor-element elementor-element-3ce4da8 e-con-full e-flex e-con e-child\" data-id=\"3ce4da8\" data-element_type=\"container\" data-settings=\"{&quot;background_background&quot;:&quot;classic&quot;}\">\n\t\t\t\t<div class=\"elementor-element elementor-element-f35008b elementor-widget elementor-widget-text-editor\" data-id=\"f35008b\" data-element_type=\"widget\" data-widget_type=\"text-editor.default\">\n\t\t\t\t<div class=\"elementor-widget-container\">\n\t\t\t\t\t\t\t<p class=\" translation-block\">Da das Unternehmen Sandin d.o.o. wuchs und damit auch sein Engagement f\u00fcr Nachhaltigkeit. Durch strategische Partnerschaften und ein unerm\u00fcdliches Streben nach Exzellenz hat Sandin seine globale Pr\u00e4senz erweitert. Mit einem Netzwerk, das sich \u00fcber Kontinente erstreckte, erleichterte das Unternehmen den internationalen Handel und unterst\u00fctzte Unternehmen und die Wirtschaft in ganz Bosnien und Herzegowina und der Region.<\/p>\t\t\t\t\t\t<\/div>\n\t\t\t\t<\/div>\n\t\t\t\t<\/div>\n\t\t<div class=\"elementor-element elementor-element-618ba87 e-con-full elementor-hidden-mobile e-flex e-con e-child\" data-id=\"618ba87\" data-element_type=\"container\">\n\t\t\t\t<\/div>\n\t\t\t\t<\/div>\n\t\t<div class=\"elementor-element elementor-element-f42fb66 e-con-full e-flex e-con e-parent\" data-id=\"f42fb66\" data-element_type=\"container\" data-core-v316-plus=\"true\">\n\t\t<div class=\"elementor-element elementor-element-8cd52da e-con-full elementor-hidden-mobile e-flex e-con e-child\" data-id=\"8cd52da\" data-element_type=\"container\">\n\t\t\t\t<\/div>\n\t\t<div class=\"elementor-element elementor-element-5e5d1c4 e-con-full e-flex e-con e-child\" data-id=\"5e5d1c4\" data-element_type=\"container\" data-settings=\"{&quot;background_background&quot;:&quot;classic&quot;}\">\n\t\t\t\t<div class=\"elementor-element elementor-element-a75057c elementor-widget elementor-widget-image\" data-id=\"a75057c\" data-element_type=\"widget\" data-widget_type=\"image.default\">\n\t\t\t\t<div class=\"elementor-widget-container\">\n\t\t\t\t\t\t\t\t\t\t\t\t\t<img decoding=\"async\" src=\"https:\/\/sandin.ba\/wp-content\/uploads\/elementor\/thumbs\/success-icon-rdi8hsdq29xemqnbqm9oioljbo6ulp7vu8fzqy9uak.png\" title=\"success-icon\" alt=\"success-icon\" loading=\"lazy\" \/>\t\t\t\t\t\t\t\t\t\t\t\t\t<\/div>\n\t\t\t\t<\/div>\n\t\t\t\t<div class=\"elementor-element elementor-element-431559e elementor-widget elementor-widget-text-editor\" data-id=\"431559e\" data-element_type=\"widget\" data-widget_type=\"text-editor.default\">\n\t\t\t\t<div class=\"elementor-widget-container\">\n\t\t\t\t\t\t\t<p class=\" translation-block\">Der Erfolg von Sandin Ltd. wurde nicht nur in der bewegten Tonnage gemessen; Es wurde an etablierten Beziehungen, der Bew\u00e4ltigung von Herausforderungen und positiven Auswirkungen auf Gemeinschaften gemessen. W\u00e4hrend das Unternehmen wuchs, investierte es in sein gr\u00f6\u00dftes Kapital \u2013 seine Mitarbeiter.<\/p>\t\t\t\t\t\t<\/div>\n\t\t\t\t<\/div>\n\t\t\t\t<\/div>\n\t\t<div class=\"elementor-element elementor-element-6c7314f e-con-full e-flex e-con e-child\" data-id=\"6c7314f\" data-element_type=\"container\" data-settings=\"{&quot;background_background&quot;:&quot;classic&quot;}\">\n\t\t\t\t<div class=\"elementor-element elementor-element-88109ea elementor-widget elementor-widget-image\" data-id=\"88109ea\" data-element_type=\"widget\" data-widget_type=\"image.default\">\n\t\t\t\t<div class=\"elementor-widget-container\">\n\t\t\t\t\t\t\t\t\t\t\t\t\t<img decoding=\"async\" src=\"https:\/\/sandin.ba\/wp-content\/uploads\/elementor\/thumbs\/sign-icon-rdi8hsdq29xemqnbqm9oioljbo6ulp7vu8fzqy9uak.png\" title=\"sign-icon\" alt=\"sign-icon\" loading=\"lazy\" \/>\t\t\t\t\t\t\t\t\t\t\t\t\t<\/div>\n\t\t\t\t<\/div>\n\t\t\t\t<div class=\"elementor-element elementor-element-4eac4e3 elementor-widget elementor-widget-text-editor\" data-id=\"4eac4e3\" data-element_type=\"widget\" data-widget_type=\"text-editor.default\">\n\t\t\t\t<div class=\"elementor-widget-container\">\n\t\t\t\t\t\t\t<p class=\" translation-block\">Heute ist dieses Unternehmen ein eindrucksvoller Beweis daf\u00fcr, was erreicht werden kann, wenn ein Traum auf Entschlossenheit trifft. Die Geschichte entwickelt sich weiter und Sandin und das gesamte Unternehmen setzen sich unerm\u00fcdlich daf\u00fcr ein, die Zukunft des Transportwesens zu gestalten. Mit jeder Reise kommt dieses Unternehmen der Vision n\u00e4her, die seiner Gr\u00fcndung zugrunde lag \u2013 einer Welt, in der Konnektivit\u00e4t keine Grenzen kennt und der Handel reibungslos verl\u00e4uft.<\/p>\t\t\t\t\t\t<\/div>\n\t\t\t\t<\/div>\n\t\t\t\t<\/div>\n\t\t<div class=\"elementor-element elementor-element-0d17f80 e-con-full elementor-hidden-mobile e-flex e-con e-child\" data-id=\"0d17f80\" data-element_type=\"container\">\n\t\t\t\t<\/div>\n\t\t<div class=\"elementor-element elementor-element-891ba5a e-con-full e-flex e-con e-child\" data-id=\"891ba5a\" data-element_type=\"container\">\n\t\t\t\t<\/div>\n\t\t<div class=\"elementor-element elementor-element-2fef033 e-con-full e-flex e-con e-child\" data-id=\"2fef033\" data-element_type=\"container\">\n\t\t\t\t<div class=\"elementor-element elementor-element-39d031c elementor-hidden-mobile elementor-widget elementor-widget-image\" data-id=\"39d031c\" data-element_type=\"widget\" data-widget_type=\"image.default\">\n\t\t\t\t<div class=\"elementor-widget-container\">\n\t\t\t\t\t\t\t\t\t\t\t\t\t<img decoding=\"async\" src=\"https:\/\/sandin.ba\/wp-content\/uploads\/elementor\/thumbs\/start-icon-rdi8hsdq29xemqnbqm9oioljbo6ulp7vu8fzqy9uak.png\" title=\"start-icon\" alt=\"start-icon\" loading=\"lazy\" \/>\t\t\t\t\t\t\t\t\t\t\t\t\t<\/div>\n\t\t\t\t<\/div>\n\t\t<div class=\"elementor-element elementor-element-19a4fc0 e-con-full e-flex e-con e-child\" data-id=\"19a4fc0\" data-element_type=\"container\" data-settings=\"{&quot;background_background&quot;:&quot;classic&quot;}\">\n\t\t\t\t<div class=\"elementor-element elementor-element-176617f elementor-widget elementor-widget-text-editor\" data-id=\"176617f\" data-element_type=\"widget\" data-widget_type=\"text-editor.default\">\n\t\t\t\t<div class=\"elementor-widget-container\">\n\t\t\t\t\t\t\t<p class=\" translation-block\">Im Jahr 2018 schlug dieses Unternehmen ein neues Kapitel auf, die CNC-Produktion, in der durch Transportdienstleistungen dieser Gesch\u00e4ftsbereich eigenst\u00e4ndig entstand. Die Anf\u00e4nge des Produktionszweigs von Sandin Pro verliefen schrittweise, und mit einigen Pausen w\u00e4hrend<br>der Zeit von COVID ist es heute ein Unternehmen, das revolution\u00e4re Prototypen, komplexe Komponenten und gro\u00dfe Produktionsserien herstellt und sich der Verwirklichung Ihrer Visionen widmet.<\/p>\t\t\t\t\t\t<\/div>\n\t\t\t\t<\/div>\n\t\t\t\t<\/div>\n\t\t\t\t<\/div>\n\t\t<div class=\"elementor-element elementor-element-6560f63 e-con-full e-flex e-con e-child\" data-id=\"6560f63\" data-element_type=\"container\">\n\t\t\t\t<div class=\"elementor-element elementor-element-0d097c1 elementor-hidden-mobile elementor-widget elementor-widget-image\" data-id=\"0d097c1\" data-element_type=\"widget\" data-widget_type=\"image.default\">\n\t\t\t\t<div class=\"elementor-widget-container\">\n\t\t\t\t\t\t\t\t\t\t\t\t\t<img decoding=\"async\" src=\"https:\/\/sandin.ba\/wp-content\/uploads\/elementor\/thumbs\/globe-icon-rdi8hsdq29xemqnbqm9oioljbo6ulp7vu8fzqy9uak.png\" title=\"globe-icon\" alt=\"internacional\" loading=\"lazy\" \/>\t\t\t\t\t\t\t\t\t\t\t\t\t<\/div>\n\t\t\t\t<\/div>\n\t\t<div class=\"elementor-element elementor-element-8f7dd80 e-con-full e-flex e-con e-child\" data-id=\"8f7dd80\" data-element_type=\"container\" data-settings=\"{&quot;background_background&quot;:&quot;classic&quot;}\">\n\t\t\t\t<div class=\"elementor-element elementor-element-01d775c elementor-widget elementor-widget-text-editor\" data-id=\"01d775c\" data-element_type=\"widget\" data-widget_type=\"text-editor.default\">\n\t\t\t\t<div class=\"elementor-widget-container\">\n\t\t\t\t\t\t\t<p class=\" translation-block\">Die Geschichte dieses Unternehmens ist nicht nur die eines Transportriesen; Es ist eine Erz\u00e4hlung von Innovation, Nachhaltigkeit und dem unerm\u00fcdlichen Streben nach Exzellenz. W\u00e4hrend sich die Kapitel weiterentwickeln, wird Sandin ltc. engagiert sich nicht nur daf\u00fcr, die Welt zu bewegen, sondern hinterl\u00e4sst auch einen unausl\u00f6schlichen Eindruck in der Zukunft der Logistik und Fertigung und beweist seine Exzellenz, seinen Wert und seine Professionalit\u00e4t.<\/p>\t\t\t\t\t\t<\/div>\n\t\t\t\t<\/div>\n\t\t\t\t<\/div>\n\t\t\t\t<\/div>\n\t\t<div class=\"elementor-element elementor-element-14da897 e-con-full elementor-hidden-mobile e-flex e-con e-child\" data-id=\"14da897\" data-element_type=\"container\">\n\t\t\t\t<\/div>\n\t\t\t\t<\/div>\n\t\t\t\t<\/div>","protected":false},"excerpt":{"rendered":"<p>O NAMA Kompanija Sandin d.o.o. je zapo\u010dela svoju pri\u010du 1996. godine, kada je Sandin Kulenovi\u0107 kupio prvi kamion i formirao kompaniju, koja je izrasla u respektabilnu kompaniju s preko 20 kamiona i me\u0111unarodnom saradnjom. Sandin je tada, prepoznaju\u0107i klju\u010dnu ulogu koju je logistika igrala u globalnoj ekonomiji, krenuo u stvaranje kompanije koja je i danas [&hellip;]<\/p>","protected":false},"author":1,"featured_media":3764,"parent":0,"menu_order":0,"comment_status":"closed","ping_status":"closed","template":"elementor_header_footer","meta":{"footnotes":""},"class_list":["post-19","page","type-page","status-publish","has-post-thumbnail","hentry","entry","has-media"],"yoast_head":"<!-- This site is optimized with the Yoast SEO plugin v22.7 - https:\/\/yoast.com\/wordpress\/plugins\/seo\/ -->\n<title>O NAMA - Sandin<\/title>\n<meta name=\"robots\" content=\"index, follow, max-snippet:-1, max-image-preview:large, max-video-preview:-1\" \/>\n<link rel=\"canonical\" href=\"https:\/\/sandin.ba\/de\/o-nama\/\" \/>\n<meta property=\"og:locale\" content=\"de_DE\" \/>\n<meta property=\"og:type\" content=\"article\" \/>\n<meta property=\"og:title\" content=\"O NAMA - Sandin\" \/>\n<meta property=\"og:description\" content=\"O NAMA Kompanija Sandin d.o.o. je zapo\u010dela svoju pri\u010du 1996. godine, kada je Sandin Kulenovi\u0107 kupio prvi kamion i formirao kompaniju, koja je izrasla u respektabilnu kompaniju s preko 20 kamiona i me\u0111unarodnom saradnjom. Sandin je tada, prepoznaju\u0107i klju\u010dnu ulogu koju je logistika igrala u globalnoj ekonomiji, krenuo u stvaranje kompanije koja je i danas [&hellip;]\" \/>\n<meta property=\"og:url\" content=\"https:\/\/sandin.ba\/de\/o-nama\/\" \/>\n<meta property=\"og:site_name\" content=\"Sandin\" \/>\n<meta property=\"article:modified_time\" content=\"2024-05-15T09:34:18+00:00\" \/>\n<meta property=\"og:image\" content=\"https:\/\/sandin.ba\/wp-content\/uploads\/2024\/04\/sandin-favicon.png\" \/>\n\t<meta property=\"og:image:width\" content=\"200\" \/>\n\t<meta property=\"og:image:height\" content=\"200\" \/>\n\t<meta property=\"og:image:type\" content=\"image\/png\" \/>\n<meta name=\"twitter:card\" content=\"summary_large_image\" \/>\n<meta name=\"twitter:label1\" content=\"Gesch\u00e4tzte Lesezeit\" \/>\n\t<meta name=\"twitter:data1\" content=\"4\u00a0Minuten\" \/>\n<script type=\"application\/ld+json\" class=\"yoast-schema-graph\">{\"@context\":\"https:\/\/schema.org\",\"@graph\":[{\"@type\":\"WebPage\",\"@id\":\"https:\/\/sandin.ba\/o-nama\/\",\"url\":\"https:\/\/sandin.ba\/o-nama\/\",\"name\":\"O NAMA - Sandin\",\"isPartOf\":{\"@id\":\"https:\/\/sandin.ba\/en\/#website\"},\"primaryImageOfPage\":{\"@id\":\"https:\/\/sandin.ba\/o-nama\/#primaryimage\"},\"image\":{\"@id\":\"https:\/\/sandin.ba\/o-nama\/#primaryimage\"},\"thumbnailUrl\":\"https:\/\/sandin.ba\/wp-content\/uploads\/2024\/04\/sandin-favicon.png\",\"datePublished\":\"2024-03-06T12:25:53+00:00\",\"dateModified\":\"2024-05-15T09:34:18+00:00\",\"breadcrumb\":{\"@id\":\"https:\/\/sandin.ba\/o-nama\/#breadcrumb\"},\"inLanguage\":\"de\",\"potentialAction\":[{\"@type\":\"ReadAction\",\"target\":[\"https:\/\/sandin.ba\/o-nama\/\"]}]},{\"@type\":\"ImageObject\",\"inLanguage\":\"de\",\"@id\":\"https:\/\/sandin.ba\/o-nama\/#primaryimage\",\"url\":\"https:\/\/sandin.ba\/wp-content\/uploads\/2024\/04\/sandin-favicon.png\",\"contentUrl\":\"https:\/\/sandin.ba\/wp-content\/uploads\/2024\/04\/sandin-favicon.png\",\"width\":200,\"height\":200,\"caption\":\"sandin-favicon\"},{\"@type\":\"BreadcrumbList\",\"@id\":\"https:\/\/sandin.ba\/o-nama\/#breadcrumb\",\"itemListElement\":[{\"@type\":\"ListItem\",\"position\":1,\"name\":\"Home\",\"item\":\"https:\/\/sandin.ba\/\"},{\"@type\":\"ListItem\",\"position\":2,\"name\":\"O NAMA\"}]},{\"@type\":\"WebSite\",\"@id\":\"https:\/\/sandin.ba\/en\/#website\",\"url\":\"https:\/\/sandin.ba\/en\/\",\"name\":\"Sandin\",\"description\":\"\",\"publisher\":{\"@id\":\"https:\/\/sandin.ba\/en\/#organization\"},\"potentialAction\":[{\"@type\":\"SearchAction\",\"target\":{\"@type\":\"EntryPoint\",\"urlTemplate\":\"https:\/\/sandin.ba\/en\/?s={search_term_string}\"},\"query-input\":\"required name=search_term_string\"}],\"inLanguage\":\"de\"},{\"@type\":\"Organization\",\"@id\":\"https:\/\/sandin.ba\/en\/#organization\",\"name\":\"Sandin\",\"url\":\"https:\/\/sandin.ba\/en\/\",\"logo\":{\"@type\":\"ImageObject\",\"inLanguage\":\"de\",\"@id\":\"https:\/\/sandin.ba\/en\/#\/schema\/logo\/image\/\",\"url\":\"https:\/\/sandin.ba\/wp-content\/uploads\/2024\/03\/Logo-Sandin-1.webp\",\"contentUrl\":\"https:\/\/sandin.ba\/wp-content\/uploads\/2024\/03\/Logo-Sandin-1.webp\",\"width\":350,\"height\":114,\"caption\":\"Sandin\"},\"image\":{\"@id\":\"https:\/\/sandin.ba\/en\/#\/schema\/logo\/image\/\"}}]}<\/script>\n<!-- \/ Yoast SEO plugin. -->","yoast_head_json":{"title":"O NAMA - Sandin","robots":{"index":"index","follow":"follow","max-snippet":"max-snippet:-1","max-image-preview":"max-image-preview:large","max-video-preview":"max-video-preview:-1"},"canonical":"https:\/\/sandin.ba\/de\/o-nama\/","og_locale":"de_DE","og_type":"article","og_title":"O NAMA - Sandin","og_description":"O NAMA Kompanija Sandin d.o.o. je zapo\u010dela svoju pri\u010du 1996. godine, kada je Sandin Kulenovi\u0107 kupio prvi kamion i formirao kompaniju, koja je izrasla u respektabilnu kompaniju s preko 20 kamiona i me\u0111unarodnom saradnjom. Sandin je tada, prepoznaju\u0107i klju\u010dnu ulogu koju je logistika igrala u globalnoj ekonomiji, krenuo u stvaranje kompanije koja je i danas [&hellip;]","og_url":"https:\/\/sandin.ba\/de\/o-nama\/","og_site_name":"Sandin","article_modified_time":"2024-05-15T09:34:18+00:00","og_image":[{"width":200,"height":200,"url":"https:\/\/sandin.ba\/wp-content\/uploads\/2024\/04\/sandin-favicon.png","type":"image\/png"}],"twitter_card":"summary_large_image","twitter_misc":{"Gesch\u00e4tzte Lesezeit":"4\u00a0Minuten"},"schema":{"@context":"https:\/\/schema.org","@graph":[{"@type":"WebPage","@id":"https:\/\/sandin.ba\/o-nama\/","url":"https:\/\/sandin.ba\/o-nama\/","name":"O NAMA - Sandin","isPartOf":{"@id":"https:\/\/sandin.ba\/en\/#website"},"primaryImageOfPage":{"@id":"https:\/\/sandin.ba\/o-nama\/#primaryimage"},"image":{"@id":"https:\/\/sandin.ba\/o-nama\/#primaryimage"},"thumbnailUrl":"https:\/\/sandin.ba\/wp-content\/uploads\/2024\/04\/sandin-favicon.png","datePublished":"2024-03-06T12:25:53+00:00","dateModified":"2024-05-15T09:34:18+00:00","breadcrumb":{"@id":"https:\/\/sandin.ba\/o-nama\/#breadcrumb"},"inLanguage":"de","potentialAction":[{"@type":"ReadAction","target":["https:\/\/sandin.ba\/o-nama\/"]}]},{"@type":"ImageObject","inLanguage":"de","@id":"https:\/\/sandin.ba\/o-nama\/#primaryimage","url":"https:\/\/sandin.ba\/wp-content\/uploads\/2024\/04\/sandin-favicon.png","contentUrl":"https:\/\/sandin.ba\/wp-content\/uploads\/2024\/04\/sandin-favicon.png","width":200,"height":200,"caption":"sandin-favicon"},{"@type":"BreadcrumbList","@id":"https:\/\/sandin.ba\/o-nama\/#breadcrumb","itemListElement":[{"@type":"ListItem","position":1,"name":"Home","item":"https:\/\/sandin.ba\/"},{"@type":"ListItem","position":2,"name":"O NAMA"}]},{"@type":"WebSite","@id":"https:\/\/sandin.ba\/en\/#website","url":"https:\/\/sandin.ba\/en\/","name":"Sandin","description":"","publisher":{"@id":"https:\/\/sandin.ba\/en\/#organization"},"potentialAction":[{"@type":"SearchAction","target":{"@type":"EntryPoint","urlTemplate":"https:\/\/sandin.ba\/en\/?s={search_term_string}"},"query-input":"required name=search_term_string"}],"inLanguage":"de"},{"@type":"Organization","@id":"https:\/\/sandin.ba\/en\/#organization","name":"Sandin","url":"https:\/\/sandin.ba\/en\/","logo":{"@type":"ImageObject","inLanguage":"de","@id":"https:\/\/sandin.ba\/en\/#\/schema\/logo\/image\/","url":"https:\/\/sandin.ba\/wp-content\/uploads\/2024\/03\/Logo-Sandin-1.webp","contentUrl":"https:\/\/sandin.ba\/wp-content\/uploads\/2024\/03\/Logo-Sandin-1.webp","width":350,"height":114,"caption":"Sandin"},"image":{"@id":"https:\/\/sandin.ba\/en\/#\/schema\/logo\/image\/"}}]}},"_links":{"self":[{"href":"https:\/\/sandin.ba\/de\/wp-json\/wp\/v2\/pages\/19","targetHints":{"allow":["GET"]}}],"collection":[{"href":"https:\/\/sandin.ba\/de\/wp-json\/wp\/v2\/pages"}],"about":[{"href":"https:\/\/sandin.ba\/de\/wp-json\/wp\/v2\/types\/page"}],"author":[{"embeddable":true,"href":"https:\/\/sandin.ba\/de\/wp-json\/wp\/v2\/users\/1"}],"replies":[{"embeddable":true,"href":"https:\/\/sandin.ba\/de\/wp-json\/wp\/v2\/comments?post=19"}],"version-history":[{"count":563,"href":"https:\/\/sandin.ba\/de\/wp-json\/wp\/v2\/pages\/19\/revisions"}],"predecessor-version":[{"id":4079,"href":"https:\/\/sandin.ba\/de\/wp-json\/wp\/v2\/pages\/19\/revisions\/4079"}],"wp:featuredmedia":[{"embeddable":true,"href":"https:\/\/sandin.ba\/de\/wp-json\/wp\/v2\/media\/3764"}],"wp:attachment":[{"href":"https:\/\/sandin.ba\/de\/wp-json\/wp\/v2\/media?parent=19"}],"curies":[{"name":"wp","href":"https:\/\/api.w.org\/{rel}","templated":true}]}}