{"id":25,"date":"2024-03-06T12:26:31","date_gmt":"2024-03-06T12:26:31","guid":{"rendered":"http:\/\/sandin.ba\/?page_id=25"},"modified":"2024-05-15T09:36:08","modified_gmt":"2024-05-15T09:36:08","slug":"cnc","status":"publish","type":"page","link":"https:\/\/sandin.ba\/de\/cnc\/","title":{"rendered":"CNC"},"content":{"rendered":"<div data-elementor-type=\"wp-page\" data-elementor-id=\"25\" class=\"elementor elementor-25\" data-elementor-post-type=\"page\">\n\t\t\t\t<div class=\"elementor-element elementor-element-44fd19f e-con-full e-flex e-con e-parent\" data-id=\"44fd19f\" data-element_type=\"container\" data-settings=\"{&quot;background_background&quot;:&quot;classic&quot;}\" data-core-v316-plus=\"true\">\n\t\t<div class=\"elementor-element elementor-element-4683bb9 e-con-full e-flex e-con e-child\" data-id=\"4683bb9\" data-element_type=\"container\">\n\t\t\t\t<div class=\"elementor-element elementor-element-36b0e06 elementor-widget elementor-widget-heading\" data-id=\"36b0e06\" data-element_type=\"widget\" data-widget_type=\"heading.default\">\n\t\t\t\t<div class=\"elementor-widget-container\">\n\t\t\t<style>\/*! elementor - v3.20.0 - 10-04-2024 *\/\n.elementor-heading-title{padding:0;margin:0;line-height:1}.elementor-widget-heading .elementor-heading-title[class*=elementor-size-]>a{color:inherit;font-size:inherit;line-height:inherit}.elementor-widget-heading .elementor-heading-title.elementor-size-small{font-size:15px}.elementor-widget-heading .elementor-heading-title.elementor-size-medium{font-size:19px}.elementor-widget-heading .elementor-heading-title.elementor-size-large{font-size:29px}.elementor-widget-heading .elementor-heading-title.elementor-size-xl{font-size:39px}.elementor-widget-heading .elementor-heading-title.elementor-size-xxl{font-size:59px}<\/style><h2 class=\"elementor-heading-title elementor-size-default\">SENDUNG<\/h2>\t\t<\/div>\n\t\t\t\t<\/div>\n\t\t\t\t<div class=\"elementor-element elementor-element-99675bd elementor-widget elementor-widget-text-editor\" data-id=\"99675bd\" data-element_type=\"widget\" data-widget_type=\"text-editor.default\">\n\t\t\t\t<div class=\"elementor-widget-container\">\n\t\t\t<style>\/*! elementor - v3.20.0 - 10-04-2024 *\/\n.elementor-widget-text-editor.elementor-drop-cap-view-stacked .elementor-drop-cap{background-color:#69727d;color:#fff}.elementor-widget-text-editor.elementor-drop-cap-view-framed .elementor-drop-cap{color:#69727d;border:3px solid;background-color:transparent}.elementor-widget-text-editor:not(.elementor-drop-cap-view-default) .elementor-drop-cap{margin-top:8px}.elementor-widget-text-editor:not(.elementor-drop-cap-view-default) .elementor-drop-cap-letter{width:1em;height:1em}.elementor-widget-text-editor .elementor-drop-cap{float:left;text-align:center;line-height:1;font-size:50px}.elementor-widget-text-editor .elementor-drop-cap-letter{display:inline-block}<\/style>\t\t\t\t<p>Unsere Liebe zum Detail wird von der ersten Entwurfsphase bis zum Endprodukt gewahrt und garantiert Pr\u00e4zision und Konsistenz, die den h\u00f6chsten Industriestandards entspricht.<\/p>\t\t\t\t\t\t<\/div>\n\t\t\t\t<\/div>\n\t\t\t\t<div class=\"elementor-element elementor-element-750021b elementor-widget elementor-widget-heading\" data-id=\"750021b\" data-element_type=\"widget\" data-widget_type=\"heading.default\">\n\t\t\t\t<div class=\"elementor-widget-container\">\n\t\t\t<h2 class=\"elementor-heading-title elementor-size-default\">VISION<\/h2>\t\t<\/div>\n\t\t\t\t<\/div>\n\t\t\t\t<div class=\"elementor-element elementor-element-13a1eff elementor-widget elementor-widget-text-editor\" data-id=\"13a1eff\" data-element_type=\"widget\" data-widget_type=\"text-editor.default\">\n\t\t\t\t<div class=\"elementor-widget-container\">\n\t\t\t\t\t\t\t<p>W\u00e4hrend unsere Reichweite weltweit w\u00e4chst, sind wir stolz darauf, die pers\u00f6nliche Note des Lokals beizubehalten. Unser Engagement f\u00fcr hochwertige Handwerkskunst, kombiniert mit einer globalen Denkweise, positioniert uns als vertrauensw\u00fcrdigen Partner f\u00fcr Kunden auf der ganzen Welt.<\/p>\t\t\t\t\t\t<\/div>\n\t\t\t\t<\/div>\n\t\t\t\t<\/div>\n\t\t<div class=\"elementor-element elementor-element-ea6a291 e-con-full e-flex e-con e-child\" data-id=\"ea6a291\" data-element_type=\"container\">\n\t\t\t\t<div class=\"elementor-element elementor-element-87b486f elementor-widget elementor-widget-image\" data-id=\"87b486f\" data-element_type=\"widget\" data-widget_type=\"image.default\">\n\t\t\t\t<div class=\"elementor-widget-container\">\n\t\t\t<style>\/*! elementor - v3.20.0 - 10-04-2024 *\/\n.elementor-widget-image{text-align:center}.elementor-widget-image a{display:inline-block}.elementor-widget-image a img[src$=\".svg\"]{width:48px}.elementor-widget-image img{vertical-align:middle;display:inline-block}<\/style>\t\t\t\t\t\t\t\t\t\t<img fetchpriority=\"high\" decoding=\"async\" width=\"720\" height=\"960\" src=\"https:\/\/sandin.ba\/wp-content\/uploads\/2024\/03\/Elementi.webp\" class=\"attachment-full size-full wp-image-128\" alt=\"Elementi\" srcset=\"https:\/\/sandin.ba\/wp-content\/uploads\/2024\/03\/Elementi.webp 720w, https:\/\/sandin.ba\/wp-content\/uploads\/2024\/03\/Elementi-225x300.webp 225w\" sizes=\"(max-width: 720px) 100vw, 720px\" \/>\t\t\t\t\t\t\t\t\t\t\t\t\t<\/div>\n\t\t\t\t<\/div>\n\t\t\t\t<\/div>\n\t\t\t\t<\/div>\n\t\t\t\t<\/div>","protected":false},"excerpt":{"rendered":"<p>MISIJA Na\u0161a pa\u017enja posve\u0107ena detaljima prote\u017ee se od po\u010detne faze dizajna do finalnog proizvoda, jam\u010de\u0107i preciznost i konzistentnost koji zadovoljavaju najvi\u0161e industrijske standarde. VIZIJA Iako se na\u0161 doseg \u0161iri globalno, ponosni smo \u0161to odr\u017eavamo personalizirani dodir lokalnog. Na\u0161a posve\u0107enost kvalitetnoj izradi, u kombinaciji s globalnim na\u010dinom razmi\u0161ljanja, pozicionira nas kao pouzdanog partnera za klijente \u0161irom [&hellip;]<\/p>","protected":false},"author":1,"featured_media":3764,"parent":0,"menu_order":0,"comment_status":"closed","ping_status":"closed","template":"elementor_header_footer","meta":{"footnotes":""},"class_list":["post-25","page","type-page","status-publish","has-post-thumbnail","hentry","entry","has-media"],"yoast_head":"<!-- This site is optimized with the Yoast SEO plugin v22.7 - https:\/\/yoast.com\/wordpress\/plugins\/seo\/ -->\n<title>CNC - Sandin<\/title>\n<meta name=\"robots\" content=\"index, follow, max-snippet:-1, max-image-preview:large, max-video-preview:-1\" \/>\n<link rel=\"canonical\" href=\"https:\/\/sandin.ba\/de\/cnc\/\" \/>\n<meta property=\"og:locale\" content=\"de_DE\" \/>\n<meta property=\"og:type\" content=\"article\" \/>\n<meta property=\"og:title\" content=\"CNC - Sandin\" \/>\n<meta property=\"og:description\" content=\"MISIJA Na\u0161a pa\u017enja posve\u0107ena detaljima prote\u017ee se od po\u010detne faze dizajna do finalnog proizvoda, jam\u010de\u0107i preciznost i konzistentnost koji zadovoljavaju najvi\u0161e industrijske standarde. VIZIJA Iako se na\u0161 doseg \u0161iri globalno, ponosni smo \u0161to odr\u017eavamo personalizirani dodir lokalnog. Na\u0161a posve\u0107enost kvalitetnoj izradi, u kombinaciji s globalnim na\u010dinom razmi\u0161ljanja, pozicionira nas kao pouzdanog partnera za klijente \u0161irom [&hellip;]\" \/>\n<meta property=\"og:url\" content=\"https:\/\/sandin.ba\/de\/cnc\/\" \/>\n<meta property=\"og:site_name\" content=\"Sandin\" \/>\n<meta property=\"article:modified_time\" content=\"2024-05-15T09:36:08+00:00\" \/>\n<meta property=\"og:image\" content=\"https:\/\/sandin.ba\/wp-content\/uploads\/2024\/04\/sandin-favicon.png\" \/>\n\t<meta property=\"og:image:width\" content=\"200\" \/>\n\t<meta property=\"og:image:height\" content=\"200\" \/>\n\t<meta property=\"og:image:type\" content=\"image\/png\" \/>\n<meta name=\"twitter:card\" content=\"summary_large_image\" \/>\n<meta name=\"twitter:label1\" content=\"Gesch\u00e4tzte Lesezeit\" \/>\n\t<meta name=\"twitter:data1\" content=\"1\u00a0Minute\" \/>\n<script type=\"application\/ld+json\" class=\"yoast-schema-graph\">{\"@context\":\"https:\/\/schema.org\",\"@graph\":[{\"@type\":\"WebPage\",\"@id\":\"https:\/\/sandin.ba\/cnc\/\",\"url\":\"https:\/\/sandin.ba\/cnc\/\",\"name\":\"CNC - Sandin\",\"isPartOf\":{\"@id\":\"https:\/\/sandin.ba\/en\/#website\"},\"primaryImageOfPage\":{\"@id\":\"https:\/\/sandin.ba\/cnc\/#primaryimage\"},\"image\":{\"@id\":\"https:\/\/sandin.ba\/cnc\/#primaryimage\"},\"thumbnailUrl\":\"https:\/\/sandin.ba\/wp-content\/uploads\/2024\/04\/sandin-favicon.png\",\"datePublished\":\"2024-03-06T12:26:31+00:00\",\"dateModified\":\"2024-05-15T09:36:08+00:00\",\"breadcrumb\":{\"@id\":\"https:\/\/sandin.ba\/cnc\/#breadcrumb\"},\"inLanguage\":\"de\",\"potentialAction\":[{\"@type\":\"ReadAction\",\"target\":[\"https:\/\/sandin.ba\/cnc\/\"]}]},{\"@type\":\"ImageObject\",\"inLanguage\":\"de\",\"@id\":\"https:\/\/sandin.ba\/cnc\/#primaryimage\",\"url\":\"https:\/\/sandin.ba\/wp-content\/uploads\/2024\/04\/sandin-favicon.png\",\"contentUrl\":\"https:\/\/sandin.ba\/wp-content\/uploads\/2024\/04\/sandin-favicon.png\",\"width\":200,\"height\":200,\"caption\":\"sandin-favicon\"},{\"@type\":\"BreadcrumbList\",\"@id\":\"https:\/\/sandin.ba\/cnc\/#breadcrumb\",\"itemListElement\":[{\"@type\":\"ListItem\",\"position\":1,\"name\":\"Home\",\"item\":\"https:\/\/sandin.ba\/\"},{\"@type\":\"ListItem\",\"position\":2,\"name\":\"CNC\"}]},{\"@type\":\"WebSite\",\"@id\":\"https:\/\/sandin.ba\/en\/#website\",\"url\":\"https:\/\/sandin.ba\/en\/\",\"name\":\"Sandin\",\"description\":\"\",\"publisher\":{\"@id\":\"https:\/\/sandin.ba\/en\/#organization\"},\"potentialAction\":[{\"@type\":\"SearchAction\",\"target\":{\"@type\":\"EntryPoint\",\"urlTemplate\":\"https:\/\/sandin.ba\/en\/?s={search_term_string}\"},\"query-input\":\"required name=search_term_string\"}],\"inLanguage\":\"de\"},{\"@type\":\"Organization\",\"@id\":\"https:\/\/sandin.ba\/en\/#organization\",\"name\":\"Sandin\",\"url\":\"https:\/\/sandin.ba\/en\/\",\"logo\":{\"@type\":\"ImageObject\",\"inLanguage\":\"de\",\"@id\":\"https:\/\/sandin.ba\/en\/#\/schema\/logo\/image\/\",\"url\":\"https:\/\/sandin.ba\/wp-content\/uploads\/2024\/03\/Logo-Sandin-1.webp\",\"contentUrl\":\"https:\/\/sandin.ba\/wp-content\/uploads\/2024\/03\/Logo-Sandin-1.webp\",\"width\":350,\"height\":114,\"caption\":\"Sandin\"},\"image\":{\"@id\":\"https:\/\/sandin.ba\/en\/#\/schema\/logo\/image\/\"}}]}<\/script>\n<!-- \/ Yoast SEO plugin. -->","yoast_head_json":{"title":"CNC - Sandin","robots":{"index":"index","follow":"follow","max-snippet":"max-snippet:-1","max-image-preview":"max-image-preview:large","max-video-preview":"max-video-preview:-1"},"canonical":"https:\/\/sandin.ba\/de\/cnc\/","og_locale":"de_DE","og_type":"article","og_title":"CNC - Sandin","og_description":"MISIJA Na\u0161a pa\u017enja posve\u0107ena detaljima prote\u017ee se od po\u010detne faze dizajna do finalnog proizvoda, jam\u010de\u0107i preciznost i konzistentnost koji zadovoljavaju najvi\u0161e industrijske standarde. VIZIJA Iako se na\u0161 doseg \u0161iri globalno, ponosni smo \u0161to odr\u017eavamo personalizirani dodir lokalnog. Na\u0161a posve\u0107enost kvalitetnoj izradi, u kombinaciji s globalnim na\u010dinom razmi\u0161ljanja, pozicionira nas kao pouzdanog partnera za klijente \u0161irom [&hellip;]","og_url":"https:\/\/sandin.ba\/de\/cnc\/","og_site_name":"Sandin","article_modified_time":"2024-05-15T09:36:08+00:00","og_image":[{"width":200,"height":200,"url":"https:\/\/sandin.ba\/wp-content\/uploads\/2024\/04\/sandin-favicon.png","type":"image\/png"}],"twitter_card":"summary_large_image","twitter_misc":{"Gesch\u00e4tzte Lesezeit":"1\u00a0Minute"},"schema":{"@context":"https:\/\/schema.org","@graph":[{"@type":"WebPage","@id":"https:\/\/sandin.ba\/cnc\/","url":"https:\/\/sandin.ba\/cnc\/","name":"CNC - Sandin","isPartOf":{"@id":"https:\/\/sandin.ba\/en\/#website"},"primaryImageOfPage":{"@id":"https:\/\/sandin.ba\/cnc\/#primaryimage"},"image":{"@id":"https:\/\/sandin.ba\/cnc\/#primaryimage"},"thumbnailUrl":"https:\/\/sandin.ba\/wp-content\/uploads\/2024\/04\/sandin-favicon.png","datePublished":"2024-03-06T12:26:31+00:00","dateModified":"2024-05-15T09:36:08+00:00","breadcrumb":{"@id":"https:\/\/sandin.ba\/cnc\/#breadcrumb"},"inLanguage":"de","potentialAction":[{"@type":"ReadAction","target":["https:\/\/sandin.ba\/cnc\/"]}]},{"@type":"ImageObject","inLanguage":"de","@id":"https:\/\/sandin.ba\/cnc\/#primaryimage","url":"https:\/\/sandin.ba\/wp-content\/uploads\/2024\/04\/sandin-favicon.png","contentUrl":"https:\/\/sandin.ba\/wp-content\/uploads\/2024\/04\/sandin-favicon.png","width":200,"height":200,"caption":"sandin-favicon"},{"@type":"BreadcrumbList","@id":"https:\/\/sandin.ba\/cnc\/#breadcrumb","itemListElement":[{"@type":"ListItem","position":1,"name":"Home","item":"https:\/\/sandin.ba\/"},{"@type":"ListItem","position":2,"name":"CNC"}]},{"@type":"WebSite","@id":"https:\/\/sandin.ba\/en\/#website","url":"https:\/\/sandin.ba\/en\/","name":"Sandin","description":"","publisher":{"@id":"https:\/\/sandin.ba\/en\/#organization"},"potentialAction":[{"@type":"SearchAction","target":{"@type":"EntryPoint","urlTemplate":"https:\/\/sandin.ba\/en\/?s={search_term_string}"},"query-input":"required name=search_term_string"}],"inLanguage":"de"},{"@type":"Organization","@id":"https:\/\/sandin.ba\/en\/#organization","name":"Sandin","url":"https:\/\/sandin.ba\/en\/","logo":{"@type":"ImageObject","inLanguage":"de","@id":"https:\/\/sandin.ba\/en\/#\/schema\/logo\/image\/","url":"https:\/\/sandin.ba\/wp-content\/uploads\/2024\/03\/Logo-Sandin-1.webp","contentUrl":"https:\/\/sandin.ba\/wp-content\/uploads\/2024\/03\/Logo-Sandin-1.webp","width":350,"height":114,"caption":"Sandin"},"image":{"@id":"https:\/\/sandin.ba\/en\/#\/schema\/logo\/image\/"}}]}},"_links":{"self":[{"href":"https:\/\/sandin.ba\/de\/wp-json\/wp\/v2\/pages\/25","targetHints":{"allow":["GET"]}}],"collection":[{"href":"https:\/\/sandin.ba\/de\/wp-json\/wp\/v2\/pages"}],"about":[{"href":"https:\/\/sandin.ba\/de\/wp-json\/wp\/v2\/types\/page"}],"author":[{"embeddable":true,"href":"https:\/\/sandin.ba\/de\/wp-json\/wp\/v2\/users\/1"}],"replies":[{"embeddable":true,"href":"https:\/\/sandin.ba\/de\/wp-json\/wp\/v2\/comments?post=25"}],"version-history":[{"count":55,"href":"https:\/\/sandin.ba\/de\/wp-json\/wp\/v2\/pages\/25\/revisions"}],"predecessor-version":[{"id":4147,"href":"https:\/\/sandin.ba\/de\/wp-json\/wp\/v2\/pages\/25\/revisions\/4147"}],"wp:featuredmedia":[{"embeddable":true,"href":"https:\/\/sandin.ba\/de\/wp-json\/wp\/v2\/media\/3764"}],"wp:attachment":[{"href":"https:\/\/sandin.ba\/de\/wp-json\/wp\/v2\/media?parent=25"}],"curies":[{"name":"wp","href":"https:\/\/api.w.org\/{rel}","templated":true}]}}