{"id":21,"date":"2024-03-06T12:26:07","date_gmt":"2024-03-06T12:26:07","guid":{"rendered":"http:\/\/sandin.ba\/?page_id=21"},"modified":"2024-05-15T09:16:56","modified_gmt":"2024-05-15T09:16:56","slug":"usluge","status":"publish","type":"page","link":"https:\/\/sandin.ba\/en\/usluge\/","title":{"rendered":"SERVICES"},"content":{"rendered":"<div data-elementor-type=\"wp-page\" data-elementor-id=\"21\" class=\"elementor elementor-21\" data-elementor-post-type=\"page\">\n\t\t\t\t<div class=\"elementor-element elementor-element-b598ec3 e-con-full e-flex e-con e-parent\" data-id=\"b598ec3\" data-element_type=\"container\" data-settings=\"{&quot;background_background&quot;:&quot;classic&quot;}\" data-core-v316-plus=\"true\">\n\t\t<div class=\"elementor-element elementor-element-cca3949 e-con-full e-flex e-con e-child\" data-id=\"cca3949\" data-element_type=\"container\" data-settings=\"{&quot;background_background&quot;:&quot;classic&quot;}\">\n\t\t<div class=\"elementor-element elementor-element-72f3f81 e-flex e-con-boxed e-con e-child\" data-id=\"72f3f81\" data-element_type=\"container\" data-settings=\"{&quot;background_background&quot;:&quot;classic&quot;}\">\n\t\t\t\t\t<div class=\"e-con-inner\">\n\t\t\t\t<div class=\"elementor-element elementor-element-c52098f elementor-widget__width-initial elementor-widget elementor-widget-image\" data-id=\"c52098f\" data-element_type=\"widget\" data-widget_type=\"image.default\">\n\t\t\t\t<div class=\"elementor-widget-container\">\n\t\t\t<style>\/*! elementor - v3.20.0 - 10-04-2024 *\/\n.elementor-widget-image{text-align:center}.elementor-widget-image a{display:inline-block}.elementor-widget-image a img[src$=\".svg\"]{width:48px}.elementor-widget-image img{vertical-align:middle;display:inline-block}<\/style>\t\t\t\t\t\t\t\t\t\t<img decoding=\"async\" width=\"64\" height=\"64\" src=\"https:\/\/sandin.ba\/wp-content\/uploads\/2024\/03\/icons8-semi-truck-64.png\" class=\"attachment-full size-full wp-image-2602\" alt=\"kamion\" srcset=\"https:\/\/sandin.ba\/wp-content\/uploads\/2024\/03\/icons8-semi-truck-64.png 64w, https:\/\/sandin.ba\/wp-content\/uploads\/2024\/03\/icons8-semi-truck-64-12x12.png 12w\" sizes=\"(max-width: 64px) 100vw, 64px\" \/>\t\t\t\t\t\t\t\t\t\t\t\t\t<\/div>\n\t\t\t\t<\/div>\n\t\t\t\t<div class=\"elementor-element elementor-element-ecdf41c elementor-widget__width-initial elementor-widget elementor-widget-text-editor\" data-id=\"ecdf41c\" data-element_type=\"widget\" data-widget_type=\"text-editor.default\">\n\t\t\t\t<div class=\"elementor-widget-container\">\n\t\t\t<style>\/*! elementor - v3.20.0 - 10-04-2024 *\/\n.elementor-widget-text-editor.elementor-drop-cap-view-stacked .elementor-drop-cap{background-color:#69727d;color:#fff}.elementor-widget-text-editor.elementor-drop-cap-view-framed .elementor-drop-cap{color:#69727d;border:3px solid;background-color:transparent}.elementor-widget-text-editor:not(.elementor-drop-cap-view-default) .elementor-drop-cap{margin-top:8px}.elementor-widget-text-editor:not(.elementor-drop-cap-view-default) .elementor-drop-cap-letter{width:1em;height:1em}.elementor-widget-text-editor .elementor-drop-cap{float:left;text-align:center;line-height:1;font-size:50px}.elementor-widget-text-editor .elementor-drop-cap-letter{display:inline-block}<\/style>\t\t\t\t<p class=\" translation-block\">LAND<b><br><\/b>TRANSPORT<\/p>\t\t\t\t\t\t<\/div>\n\t\t\t\t<\/div>\n\t\t\t\t\t<\/div>\n\t\t\t\t<\/div>\n\t\t\t\t<div class=\"elementor-element elementor-element-3975b11 elementor-widget__width-initial elementor-widget elementor-widget-text-editor\" data-id=\"3975b11\" data-element_type=\"widget\" data-widget_type=\"text-editor.default\">\n\t\t\t\t<div class=\"elementor-widget-container\">\n\t\t\t\t\t\t\t<p class=\" translation-block\">Region-wide coverage for timely and efficient deliveries.<br><br>Fleet of modern vehicles equipped with advanced tracking systems<\/p><p>Dedicated logistics professionals who ensure the safety of your cargo.<b><\/b><\/p>\t\t\t\t\t\t<\/div>\n\t\t\t\t<\/div>\n\t\t\t\t<\/div>\n\t\t<div class=\"elementor-element elementor-element-bba1ed5 e-con-full e-flex e-con e-child\" data-id=\"bba1ed5\" data-element_type=\"container\" data-settings=\"{&quot;background_background&quot;:&quot;classic&quot;}\">\n\t\t<div class=\"elementor-element elementor-element-8592f5d e-flex e-con-boxed e-con e-child\" data-id=\"8592f5d\" data-element_type=\"container\" data-settings=\"{&quot;background_background&quot;:&quot;classic&quot;}\">\n\t\t\t\t\t<div class=\"e-con-inner\">\n\t\t<div class=\"elementor-element elementor-element-6bf8b16 e-flex e-con-boxed e-con e-child\" data-id=\"6bf8b16\" data-element_type=\"container\" data-settings=\"{&quot;background_background&quot;:&quot;classic&quot;}\">\n\t\t\t\t\t<div class=\"e-con-inner\">\n\t\t\t\t<div class=\"elementor-element elementor-element-b253e26 elementor-widget__width-initial elementor-widget elementor-widget-image\" data-id=\"b253e26\" data-element_type=\"widget\" data-widget_type=\"image.default\">\n\t\t\t\t<div class=\"elementor-widget-container\">\n\t\t\t\t\t\t\t\t\t\t\t\t\t<img decoding=\"async\" width=\"50\" height=\"50\" src=\"https:\/\/sandin.ba\/wp-content\/uploads\/2024\/03\/icons8-international-50.png\" class=\"attachment-full size-full wp-image-2620\" alt=\"medjunarodni\" srcset=\"https:\/\/sandin.ba\/wp-content\/uploads\/2024\/03\/icons8-international-50.png 50w, https:\/\/sandin.ba\/wp-content\/uploads\/2024\/03\/icons8-international-50-12x12.png 12w\" sizes=\"(max-width: 50px) 100vw, 50px\" \/>\t\t\t\t\t\t\t\t\t\t\t\t\t<\/div>\n\t\t\t\t<\/div>\n\t\t\t\t<div class=\"elementor-element elementor-element-dbb8f00 elementor-widget__width-initial elementor-widget elementor-widget-text-editor\" data-id=\"dbb8f00\" data-element_type=\"widget\" data-widget_type=\"text-editor.default\">\n\t\t\t\t<div class=\"elementor-widget-container\">\n\t\t\t\t\t\t\t<p>INTERNATIONAL<b><br \/><\/b>TRANSPORT<b><br \/><\/b><\/p>\t\t\t\t\t\t<\/div>\n\t\t\t\t<\/div>\n\t\t\t\t\t<\/div>\n\t\t\t\t<\/div>\n\t\t\t\t\t<\/div>\n\t\t\t\t<\/div>\n\t\t\t\t<div class=\"elementor-element elementor-element-4bdd778 elementor-widget__width-initial elementor-widget elementor-widget-text-editor\" data-id=\"4bdd778\" data-element_type=\"widget\" data-widget_type=\"text-editor.default\">\n\t\t\t\t<div class=\"elementor-widget-container\">\n\t\t\t\t\t\t\t<p>Seamless global delivery services.<\/p><p>Customs clearance expertise for hassle-free international shipments.<\/p><p>Strategic partnerships for cost-effective solutions.<\/p>\t\t\t\t\t\t<\/div>\n\t\t\t\t<\/div>\n\t\t\t\t<\/div>\n\t\t<div class=\"elementor-element elementor-element-e7928d4 e-con-full e-flex e-con e-child\" data-id=\"e7928d4\" data-element_type=\"container\" data-settings=\"{&quot;background_background&quot;:&quot;classic&quot;}\">\n\t\t<div class=\"elementor-element elementor-element-84cb145 e-flex e-con-boxed e-con e-child\" data-id=\"84cb145\" data-element_type=\"container\" data-settings=\"{&quot;background_background&quot;:&quot;classic&quot;}\">\n\t\t\t\t\t<div class=\"e-con-inner\">\n\t\t<div class=\"elementor-element elementor-element-71535af e-flex e-con-boxed e-con e-child\" data-id=\"71535af\" data-element_type=\"container\" data-settings=\"{&quot;background_background&quot;:&quot;classic&quot;}\">\n\t\t\t\t\t<div class=\"e-con-inner\">\n\t\t\t\t<div class=\"elementor-element elementor-element-02c66e0 elementor-widget__width-initial elementor-widget elementor-widget-image\" data-id=\"02c66e0\" data-element_type=\"widget\" data-widget_type=\"image.default\">\n\t\t\t\t<div class=\"elementor-widget-container\">\n\t\t\t\t\t\t\t\t\t\t\t\t\t<img decoding=\"async\" width=\"64\" height=\"64\" src=\"https:\/\/sandin.ba\/wp-content\/uploads\/2024\/03\/icons8-star-64.png\" class=\"attachment-full size-full wp-image-2625\" alt=\"special\" srcset=\"https:\/\/sandin.ba\/wp-content\/uploads\/2024\/03\/icons8-star-64.png 64w, https:\/\/sandin.ba\/wp-content\/uploads\/2024\/03\/icons8-star-64-12x12.png 12w\" sizes=\"(max-width: 64px) 100vw, 64px\" \/>\t\t\t\t\t\t\t\t\t\t\t\t\t<\/div>\n\t\t\t\t<\/div>\n\t\t\t\t<div class=\"elementor-element elementor-element-ff4e731 elementor-widget__width-initial elementor-widget elementor-widget-text-editor\" data-id=\"ff4e731\" data-element_type=\"widget\" data-widget_type=\"text-editor.default\">\n\t\t\t\t<div class=\"elementor-widget-container\">\n\t\t\t\t\t\t\t<p class=\" translation-block\">SPECIALIZED<b><br><\/b>TRANSPORT<b><br><\/b><\/p>\t\t\t\t\t\t<\/div>\n\t\t\t\t<\/div>\n\t\t\t\t\t<\/div>\n\t\t\t\t<\/div>\n\t\t\t\t\t<\/div>\n\t\t\t\t<\/div>\n\t\t\t\t<div class=\"elementor-element elementor-element-3440537 elementor-widget__width-initial elementor-widget elementor-widget-text-editor\" data-id=\"3440537\" data-element_type=\"widget\" data-widget_type=\"text-editor.default\">\n\t\t\t\t<div class=\"elementor-widget-container\">\n\t\t\t\t\t\t\t<p>Expertise in handling large, sensitive, and valuable shipments.<\/p><p>Customized solutions for unique cargo requirements.<\/p><p>State-of-the-art equipment for safe transport.<\/p>\t\t\t\t\t\t<\/div>\n\t\t\t\t<\/div>\n\t\t\t\t<\/div>\n\t\t\t\t<\/div>\n\t\t<div class=\"elementor-element elementor-element-e837429 e-con-full e-flex e-con e-parent\" data-id=\"e837429\" data-element_type=\"container\" data-settings=\"{&quot;background_background&quot;:&quot;classic&quot;}\" data-core-v316-plus=\"true\">\n\t\t<div class=\"elementor-element elementor-element-0a2365f e-con-full e-flex e-con e-child\" data-id=\"0a2365f\" data-element_type=\"container\">\n\t\t<div class=\"elementor-element elementor-element-e4ec2fd e-flex e-con-boxed e-con e-child\" data-id=\"e4ec2fd\" data-element_type=\"container\" data-settings=\"{&quot;background_background&quot;:&quot;classic&quot;}\">\n\t\t\t\t\t<div class=\"e-con-inner\">\n\t\t\t\t<div class=\"elementor-element elementor-element-b37a4ab elementor-widget__width-initial elementor-widget elementor-widget-image\" data-id=\"b37a4ab\" data-element_type=\"widget\" data-widget_type=\"image.default\">\n\t\t\t\t<div class=\"elementor-widget-container\">\n\t\t\t\t\t\t\t\t\t\t\t\t\t<img loading=\"lazy\" decoding=\"async\" width=\"64\" height=\"64\" src=\"https:\/\/sandin.ba\/wp-content\/uploads\/2024\/03\/icons8-cnc-machine-64.png\" class=\"attachment-full size-full wp-image-2604\" alt=\"CNC masina\" srcset=\"https:\/\/sandin.ba\/wp-content\/uploads\/2024\/03\/icons8-cnc-machine-64.png 64w, https:\/\/sandin.ba\/wp-content\/uploads\/2024\/03\/icons8-cnc-machine-64-12x12.png 12w\" sizes=\"(max-width: 64px) 100vw, 64px\" \/>\t\t\t\t\t\t\t\t\t\t\t\t\t<\/div>\n\t\t\t\t<\/div>\n\t\t\t\t<div class=\"elementor-element elementor-element-b0ba11c elementor-widget__width-initial elementor-widget elementor-widget-text-editor\" data-id=\"b0ba11c\" data-element_type=\"widget\" data-widget_type=\"text-editor.default\">\n\t\t\t\t<div class=\"elementor-widget-container\">\n\t\t\t\t\t\t\t<p>CNC<b><br \/><\/b>PRODUCTION<\/p>\t\t\t\t\t\t<\/div>\n\t\t\t\t<\/div>\n\t\t\t\t\t<\/div>\n\t\t\t\t<\/div>\n\t\t\t\t<div class=\"elementor-element elementor-element-2bde723 elementor-widget elementor-widget-image\" data-id=\"2bde723\" data-element_type=\"widget\" data-widget_type=\"image.default\">\n\t\t\t\t<div class=\"elementor-widget-container\">\n\t\t\t\t\t\t\t\t\t\t\t\t\t<img loading=\"lazy\" decoding=\"async\" width=\"720\" height=\"773\" src=\"https:\/\/sandin.ba\/wp-content\/uploads\/2024\/03\/Proizvodnja-elemenata-e1711114174277.webp\" class=\"attachment-full size-full wp-image-125\" alt=\"Proizvodnja elemenata\" srcset=\"https:\/\/sandin.ba\/wp-content\/uploads\/2024\/03\/Proizvodnja-elemenata-e1711114174277.webp 720w, https:\/\/sandin.ba\/wp-content\/uploads\/2024\/03\/Proizvodnja-elemenata-e1711114174277-279x300.webp 279w, https:\/\/sandin.ba\/wp-content\/uploads\/2024\/03\/Proizvodnja-elemenata-e1711114174277-11x12.webp 11w\" sizes=\"(max-width: 720px) 100vw, 720px\" \/>\t\t\t\t\t\t\t\t\t\t\t\t\t<\/div>\n\t\t\t\t<\/div>\n\t\t\t\t<\/div>\n\t\t<div class=\"elementor-element elementor-element-40019ae e-con-full e-flex e-con e-child\" data-id=\"40019ae\" data-element_type=\"container\" data-settings=\"{&quot;background_background&quot;:&quot;classic&quot;}\">\n\t\t\t\t<div class=\"elementor-element elementor-element-7355ad3 elementor-widget elementor-widget-text-editor\" data-id=\"7355ad3\" data-element_type=\"widget\" data-widget_type=\"text-editor.default\">\n\t\t\t\t<div class=\"elementor-widget-container\">\n\t\t\t\t\t\t\t<p>Whether you're looking for complex prototypes, custom components, or artistic creations, Sandin Pro is here to redefine what's possible. Join us on a journey where precision meets passion and every project becomes a masterpiece.<\/p><p class=\" translation-block\">Our CNC manufacturing facility is a symphony of cutting-edge technology and skilled craftsmanship. We specialize in translating intricate designs into tangible masterpieces, offering precision at every step of the production process.<\/p><p>Equipped with the latest CNC machines (Nakamura Tome AS-200, GIldermeister CTX500, HAAS VF-6 three-axis milling machine, HAAS VF-9 three-axis milling machine, HAAS UMC 750 five-axis milling machine), our production facility is a testament to technological strength.<\/p><p><br \/>Our machinery, operated by a team of experienced professionals, ensures unsurpassed accuracy and efficiency in every project. We meet the necessary ISO standards and are a company that invests in excellence and education.<\/p>\t\t\t\t\t\t<\/div>\n\t\t\t\t<\/div>\n\t\t\t\t<\/div>\n\t\t\t\t<\/div>\n\t\t\t\t<\/div>","protected":false},"excerpt":{"rendered":"<p>KOPNENITRANSPORT Pokrivenost \u0161irom regije za pravovremene i efikasne isporuke. Flota modernih vozila opremljena naprednim sistemima za pra\u0107enje. Posve\u0107eni logisti\u010dki profesionalci koji osiguravaju sigurnost va\u0161eg tereta. ME\u0110UNARODNITRANSPORT Besprijekorne globalne usluge dostave. Stru\u010dnost za carinjenje za me\u0111unarodne isporuke bez muke. Strate\u0161ka partnerstva za isplativa rje\u0161enja. SPECIJALIZOVANITRANSPORT Stru\u010dnost u rukovanju velikim, osjetljivim i vrijednim po\u0161iljkama. Prilago\u0111ena rje\u0161enja za [&hellip;]<\/p>","protected":false},"author":1,"featured_media":3764,"parent":0,"menu_order":0,"comment_status":"closed","ping_status":"closed","template":"elementor_header_footer","meta":{"footnotes":""},"class_list":["post-21","page","type-page","status-publish","has-post-thumbnail","hentry","entry","has-media"],"yoast_head":"<!-- This site is optimized with the Yoast SEO plugin v22.7 - https:\/\/yoast.com\/wordpress\/plugins\/seo\/ -->\n<title>USLUGE - Sandin<\/title>\n<meta name=\"robots\" content=\"index, follow, max-snippet:-1, max-image-preview:large, max-video-preview:-1\" \/>\n<link rel=\"canonical\" href=\"https:\/\/sandin.ba\/en\/usluge\/\" \/>\n<meta property=\"og:locale\" content=\"en_GB\" \/>\n<meta property=\"og:type\" content=\"article\" \/>\n<meta property=\"og:title\" content=\"USLUGE - Sandin\" \/>\n<meta property=\"og:description\" content=\"KOPNENITRANSPORT Pokrivenost \u0161irom regije za pravovremene i efikasne isporuke. Flota modernih vozila opremljena naprednim sistemima za pra\u0107enje. Posve\u0107eni logisti\u010dki profesionalci koji osiguravaju sigurnost va\u0161eg tereta. ME\u0110UNARODNITRANSPORT Besprijekorne globalne usluge dostave. Stru\u010dnost za carinjenje za me\u0111unarodne isporuke bez muke. Strate\u0161ka partnerstva za isplativa rje\u0161enja. SPECIJALIZOVANITRANSPORT Stru\u010dnost u rukovanju velikim, osjetljivim i vrijednim po\u0161iljkama. Prilago\u0111ena rje\u0161enja za [&hellip;]\" \/>\n<meta property=\"og:url\" content=\"https:\/\/sandin.ba\/en\/usluge\/\" \/>\n<meta property=\"og:site_name\" content=\"Sandin\" \/>\n<meta property=\"article:modified_time\" content=\"2024-05-15T09:16:56+00:00\" \/>\n<meta property=\"og:image\" content=\"https:\/\/sandin.ba\/wp-content\/uploads\/2024\/04\/sandin-favicon.png\" \/>\n\t<meta property=\"og:image:width\" content=\"200\" \/>\n\t<meta property=\"og:image:height\" content=\"200\" \/>\n\t<meta property=\"og:image:type\" content=\"image\/png\" \/>\n<meta name=\"twitter:card\" content=\"summary_large_image\" \/>\n<meta name=\"twitter:label1\" content=\"Estimated reading time\" \/>\n\t<meta name=\"twitter:data1\" content=\"3 minutes\" \/>\n<script type=\"application\/ld+json\" class=\"yoast-schema-graph\">{\"@context\":\"https:\/\/schema.org\",\"@graph\":[{\"@type\":\"WebPage\",\"@id\":\"https:\/\/sandin.ba\/usluge\/\",\"url\":\"https:\/\/sandin.ba\/usluge\/\",\"name\":\"USLUGE - Sandin\",\"isPartOf\":{\"@id\":\"https:\/\/sandin.ba\/en\/#website\"},\"primaryImageOfPage\":{\"@id\":\"https:\/\/sandin.ba\/usluge\/#primaryimage\"},\"image\":{\"@id\":\"https:\/\/sandin.ba\/usluge\/#primaryimage\"},\"thumbnailUrl\":\"https:\/\/sandin.ba\/wp-content\/uploads\/2024\/04\/sandin-favicon.png\",\"datePublished\":\"2024-03-06T12:26:07+00:00\",\"dateModified\":\"2024-05-15T09:16:56+00:00\",\"breadcrumb\":{\"@id\":\"https:\/\/sandin.ba\/usluge\/#breadcrumb\"},\"inLanguage\":\"en-GB\",\"potentialAction\":[{\"@type\":\"ReadAction\",\"target\":[\"https:\/\/sandin.ba\/usluge\/\"]}]},{\"@type\":\"ImageObject\",\"inLanguage\":\"en-GB\",\"@id\":\"https:\/\/sandin.ba\/usluge\/#primaryimage\",\"url\":\"https:\/\/sandin.ba\/wp-content\/uploads\/2024\/04\/sandin-favicon.png\",\"contentUrl\":\"https:\/\/sandin.ba\/wp-content\/uploads\/2024\/04\/sandin-favicon.png\",\"width\":200,\"height\":200,\"caption\":\"sandin-favicon\"},{\"@type\":\"BreadcrumbList\",\"@id\":\"https:\/\/sandin.ba\/usluge\/#breadcrumb\",\"itemListElement\":[{\"@type\":\"ListItem\",\"position\":1,\"name\":\"Home\",\"item\":\"https:\/\/sandin.ba\/\"},{\"@type\":\"ListItem\",\"position\":2,\"name\":\"USLUGE\"}]},{\"@type\":\"WebSite\",\"@id\":\"https:\/\/sandin.ba\/en\/#website\",\"url\":\"https:\/\/sandin.ba\/en\/\",\"name\":\"Sandin\",\"description\":\"\",\"publisher\":{\"@id\":\"https:\/\/sandin.ba\/en\/#organization\"},\"potentialAction\":[{\"@type\":\"SearchAction\",\"target\":{\"@type\":\"EntryPoint\",\"urlTemplate\":\"https:\/\/sandin.ba\/en\/?s={search_term_string}\"},\"query-input\":\"required name=search_term_string\"}],\"inLanguage\":\"en-GB\"},{\"@type\":\"Organization\",\"@id\":\"https:\/\/sandin.ba\/en\/#organization\",\"name\":\"Sandin\",\"url\":\"https:\/\/sandin.ba\/en\/\",\"logo\":{\"@type\":\"ImageObject\",\"inLanguage\":\"en-GB\",\"@id\":\"https:\/\/sandin.ba\/en\/#\/schema\/logo\/image\/\",\"url\":\"https:\/\/sandin.ba\/wp-content\/uploads\/2024\/03\/Logo-Sandin-1.webp\",\"contentUrl\":\"https:\/\/sandin.ba\/wp-content\/uploads\/2024\/03\/Logo-Sandin-1.webp\",\"width\":350,\"height\":114,\"caption\":\"Sandin\"},\"image\":{\"@id\":\"https:\/\/sandin.ba\/en\/#\/schema\/logo\/image\/\"}}]}<\/script>\n<!-- \/ Yoast SEO plugin. -->","yoast_head_json":{"title":"USLUGE - Sandin","robots":{"index":"index","follow":"follow","max-snippet":"max-snippet:-1","max-image-preview":"max-image-preview:large","max-video-preview":"max-video-preview:-1"},"canonical":"https:\/\/sandin.ba\/en\/usluge\/","og_locale":"en_GB","og_type":"article","og_title":"USLUGE - Sandin","og_description":"KOPNENITRANSPORT Pokrivenost \u0161irom regije za pravovremene i efikasne isporuke. Flota modernih vozila opremljena naprednim sistemima za pra\u0107enje. Posve\u0107eni logisti\u010dki profesionalci koji osiguravaju sigurnost va\u0161eg tereta. ME\u0110UNARODNITRANSPORT Besprijekorne globalne usluge dostave. Stru\u010dnost za carinjenje za me\u0111unarodne isporuke bez muke. Strate\u0161ka partnerstva za isplativa rje\u0161enja. SPECIJALIZOVANITRANSPORT Stru\u010dnost u rukovanju velikim, osjetljivim i vrijednim po\u0161iljkama. Prilago\u0111ena rje\u0161enja za [&hellip;]","og_url":"https:\/\/sandin.ba\/en\/usluge\/","og_site_name":"Sandin","article_modified_time":"2024-05-15T09:16:56+00:00","og_image":[{"width":200,"height":200,"url":"https:\/\/sandin.ba\/wp-content\/uploads\/2024\/04\/sandin-favicon.png","type":"image\/png"}],"twitter_card":"summary_large_image","twitter_misc":{"Estimated reading time":"3 minutes"},"schema":{"@context":"https:\/\/schema.org","@graph":[{"@type":"WebPage","@id":"https:\/\/sandin.ba\/usluge\/","url":"https:\/\/sandin.ba\/usluge\/","name":"USLUGE - Sandin","isPartOf":{"@id":"https:\/\/sandin.ba\/en\/#website"},"primaryImageOfPage":{"@id":"https:\/\/sandin.ba\/usluge\/#primaryimage"},"image":{"@id":"https:\/\/sandin.ba\/usluge\/#primaryimage"},"thumbnailUrl":"https:\/\/sandin.ba\/wp-content\/uploads\/2024\/04\/sandin-favicon.png","datePublished":"2024-03-06T12:26:07+00:00","dateModified":"2024-05-15T09:16:56+00:00","breadcrumb":{"@id":"https:\/\/sandin.ba\/usluge\/#breadcrumb"},"inLanguage":"en-GB","potentialAction":[{"@type":"ReadAction","target":["https:\/\/sandin.ba\/usluge\/"]}]},{"@type":"ImageObject","inLanguage":"en-GB","@id":"https:\/\/sandin.ba\/usluge\/#primaryimage","url":"https:\/\/sandin.ba\/wp-content\/uploads\/2024\/04\/sandin-favicon.png","contentUrl":"https:\/\/sandin.ba\/wp-content\/uploads\/2024\/04\/sandin-favicon.png","width":200,"height":200,"caption":"sandin-favicon"},{"@type":"BreadcrumbList","@id":"https:\/\/sandin.ba\/usluge\/#breadcrumb","itemListElement":[{"@type":"ListItem","position":1,"name":"Home","item":"https:\/\/sandin.ba\/"},{"@type":"ListItem","position":2,"name":"USLUGE"}]},{"@type":"WebSite","@id":"https:\/\/sandin.ba\/en\/#website","url":"https:\/\/sandin.ba\/en\/","name":"Sandin","description":"","publisher":{"@id":"https:\/\/sandin.ba\/en\/#organization"},"potentialAction":[{"@type":"SearchAction","target":{"@type":"EntryPoint","urlTemplate":"https:\/\/sandin.ba\/en\/?s={search_term_string}"},"query-input":"required name=search_term_string"}],"inLanguage":"en-GB"},{"@type":"Organization","@id":"https:\/\/sandin.ba\/en\/#organization","name":"Sandin","url":"https:\/\/sandin.ba\/en\/","logo":{"@type":"ImageObject","inLanguage":"en-GB","@id":"https:\/\/sandin.ba\/en\/#\/schema\/logo\/image\/","url":"https:\/\/sandin.ba\/wp-content\/uploads\/2024\/03\/Logo-Sandin-1.webp","contentUrl":"https:\/\/sandin.ba\/wp-content\/uploads\/2024\/03\/Logo-Sandin-1.webp","width":350,"height":114,"caption":"Sandin"},"image":{"@id":"https:\/\/sandin.ba\/en\/#\/schema\/logo\/image\/"}}]}},"_links":{"self":[{"href":"https:\/\/sandin.ba\/en\/wp-json\/wp\/v2\/pages\/21","targetHints":{"allow":["GET"]}}],"collection":[{"href":"https:\/\/sandin.ba\/en\/wp-json\/wp\/v2\/pages"}],"about":[{"href":"https:\/\/sandin.ba\/en\/wp-json\/wp\/v2\/types\/page"}],"author":[{"embeddable":true,"href":"https:\/\/sandin.ba\/en\/wp-json\/wp\/v2\/users\/1"}],"replies":[{"embeddable":true,"href":"https:\/\/sandin.ba\/en\/wp-json\/wp\/v2\/comments?post=21"}],"version-history":[{"count":317,"href":"https:\/\/sandin.ba\/en\/wp-json\/wp\/v2\/pages\/21\/revisions"}],"predecessor-version":[{"id":4098,"href":"https:\/\/sandin.ba\/en\/wp-json\/wp\/v2\/pages\/21\/revisions\/4098"}],"wp:featuredmedia":[{"embeddable":true,"href":"https:\/\/sandin.ba\/en\/wp-json\/wp\/v2\/media\/3764"}],"wp:attachment":[{"href":"https:\/\/sandin.ba\/en\/wp-json\/wp\/v2\/media?parent=21"}],"curies":[{"name":"wp","href":"https:\/\/api.w.org\/{rel}","templated":true}]}}